{"id":1064,"date":"2022-02-09T02:03:42","date_gmt":"2022-02-09T02:03:42","guid":{"rendered":"http:\/\/frajano.com\/simon\/informatica\/?page_id=1064"},"modified":"2022-02-09T20:33:11","modified_gmt":"2022-02-09T20:33:11","slug":"ejercexc1_1","status":"publish","type":"page","link":"http:\/\/frajano.com\/simon\/informatica\/ejercexc1_1\/","title":{"rendered":"ejercExc1_1"},"content":{"rendered":"<p><em><strong><span style=\"color: red;\">\u00abTodo lo puedo en Cristo que me da las fuerzas\u00bb Filipenses 4:13<\/span><\/strong><\/em><\/p>\n<p><strong>Ejercicio juego STOP<\/strong><\/p>\n<ol>\n<li>Ingresar a Excel<\/li>\n<li>Organizar una tabla con los siguientes datos<a href=\"http:\/\/frajano.com\/simon\/informatica\/wp-content\/uploads\/2022\/02\/juego-stop.jpg\"><img loading=\"lazy\" decoding=\"async\" class=\"alignnone size-medium wp-image-1065\" src=\"http:\/\/frajano.com\/simon\/informatica\/wp-content\/uploads\/2022\/02\/juego-stop-300x64.jpg\" alt=\"juego stop\" width=\"300\" height=\"64\" srcset=\"http:\/\/frajano.com\/simon\/informatica\/wp-content\/uploads\/2022\/02\/juego-stop-300x64.jpg 300w, http:\/\/frajano.com\/simon\/informatica\/wp-content\/uploads\/2022\/02\/juego-stop.jpg 661w\" sizes=\"(max-width: 300px) 100vw, 300px\" \/><\/a><\/li>\n<li>Colocar los encabezados en negrita<\/li>\n<li>Ubicar el puntero en la columna C, dar clic con bot\u00f3n derecho del mouse e Insertar. Autom\u00e1ticamente se inserta una columna a la izquierda.<\/li>\n<li>Escribir la palabra <strong>precio <\/strong>(<span style=\"color: blue;\">en azul<\/span>)<\/li>\n<li>y as\u00ed sucesivamente en cada una de las columnas. Para colocar el valor correspondiente, seg\u00fan el juego.<\/li>\n<li>Con los miembros del computador contiguo, jugar STOP, diciendo cada vez una letra diferente.<\/li>\n<li>Cuando\u00a0 uno de los grupos diga \u00abSTOP\u00bb, todos deben parar.<\/li>\n<li>Colocar la puntuaci\u00f3n correspondiente. Si se escribi\u00f3 la misma palabra, vale 50. Si es diferente y v\u00e1lida, vale 100. Si no escribieron palabra vale 200.<\/li>\n<li>Jugar hasta que cada grupo complete 3 letras. O sea, en total 6<\/li>\n<li>Cada fila debe tener la fuente (letra de diferente color)<\/li>\n<li>Colocar bordes a la tabla. Dar el ancho que corresponda a cada columna<\/li>\n<li>Se explicar\u00e1 la f\u00f3rmula para hallar la sumatoria de cada letra.<\/li>\n<li>Hallar la sumatoria de cada letra teniendo en cuenta las celdas que se van a sumar. =suma(C2+E2+G2+i2+K2+m2)<\/li>\n<li>Terminar las sumatorias de cada fila.<\/li>\n<li><em><strong>Mostrar para evaluar<\/strong><\/em><\/li>\n<\/ol>\n","protected":false},"excerpt":{"rendered":"<p>\u00abTodo lo puedo en Cristo que me da las fuerzas\u00bb Filipenses 4:13 Ejercicio juego STOP Ingresar a Excel Organizar una tabla con los siguientes datos Colocar los encabezados en negrita Ubicar el puntero en la columna C, dar clic con bot\u00f3n derecho del mouse e Insertar. Autom\u00e1ticamente se inserta una columna a la izquierda. Escribir [&hellip;]<\/p>\n","protected":false},"author":1,"featured_media":0,"parent":0,"menu_order":0,"comment_status":"closed","ping_status":"closed","template":"","meta":{"footnotes":""},"_links":{"self":[{"href":"http:\/\/frajano.com\/simon\/informatica\/wp-json\/wp\/v2\/pages\/1064"}],"collection":[{"href":"http:\/\/frajano.com\/simon\/informatica\/wp-json\/wp\/v2\/pages"}],"about":[{"href":"http:\/\/frajano.com\/simon\/informatica\/wp-json\/wp\/v2\/types\/page"}],"author":[{"embeddable":true,"href":"http:\/\/frajano.com\/simon\/informatica\/wp-json\/wp\/v2\/users\/1"}],"replies":[{"embeddable":true,"href":"http:\/\/frajano.com\/simon\/informatica\/wp-json\/wp\/v2\/comments?post=1064"}],"version-history":[{"count":6,"href":"http:\/\/frajano.com\/simon\/informatica\/wp-json\/wp\/v2\/pages\/1064\/revisions"}],"predecessor-version":[{"id":1699,"href":"http:\/\/frajano.com\/simon\/informatica\/wp-json\/wp\/v2\/pages\/1064\/revisions\/1699"}],"wp:attachment":[{"href":"http:\/\/frajano.com\/simon\/informatica\/wp-json\/wp\/v2\/media?parent=1064"}],"curies":[{"name":"wp","href":"https:\/\/api.w.org\/{rel}","templated":true}]}}