{"id":1082,"date":"2022-02-23T01:16:12","date_gmt":"2022-02-23T01:16:12","guid":{"rendered":"http:\/\/frajano.com\/simon\/informatica\/?page_id=1082"},"modified":"2022-02-23T01:16:12","modified_gmt":"2022-02-23T01:16:12","slug":"ejerc1_2-excel","status":"publish","type":"page","link":"http:\/\/frajano.com\/simon\/informatica\/ejerc1_2-excel\/","title":{"rendered":"ejerc1_2 Excel"},"content":{"rendered":"<p><em><span id=\"es-RVR1960-29340\" class=\"text Eph-6-1\">\u00abHijos, obedeced en el Se\u00f1or a vuestros padres, porque esto es justo.<\/span>\u00a0<span id=\"es-RVR1960-29341\" class=\"text Eph-6-2\"><sup class=\"versenum\">2\u00a0<\/sup>Honra a tu padre y a tu madre, que es el primer mandamiento con promesa;<\/span>\u00a0<span id=\"es-RVR1960-29342\" class=\"text Eph-6-3\"><sup class=\"versenum\">3\u00a0<\/sup>para que te vaya bien, y seas de larga vida sobre la tierra\u00bb Efesios 6:1-2<\/span><\/em><\/p>\n<p><strong>Mercado<\/strong><\/p>\n<p><strong><span style=\"color: blue;\">Objetivo:<\/span><\/strong><\/p>\n<p>Dar formato a las celdas y aplicar f\u00f3rmulas de operaciones matem\u00e1ticas b\u00e1sicas en Hoja de c\u00e1lculo.<\/p>\n<ol>\n<li>Ingresar a Excel<\/li>\n<li>Organizar una tabla de 4 columnas y 17 filas<\/li>\n<li>Seleccionar el rango desde A1 hasta D1<\/li>\n<li>Dar clic con bot\u00f3n derecho del mouse. Seleccionar\u00a0<strong>Formato de celdas<\/strong><\/li>\n<li>Elegir el men\u00fa\u00a0<strong>Alineaci\u00f3n,\u00a0<\/strong>luego,\u00a0<strong>Combinar celdas<\/strong><\/li>\n<li>En borde escoger\u00a0<em>borde exterior grueso<\/em><\/li>\n<li>Escribir En A2, <em>Art\u00edculo<\/em><\/li>\n<li>En B2, <em>Precio<\/em><\/li>\n<li>C2, <em>Cantidad<\/em><\/li>\n<li>D2, Total<\/li>\n<li>Escribir 15 art\u00edculos de mercado con su respectivo precio, cantidad en n\u00famero y hallar el total con la f\u00f3rmula <strong><span style=\"color: blue;\">=suma(precio*cantidad)<\/span><\/strong>. Recordar que <strong><span style=\"color: blue;\">s\u00f3lo\u00a0<\/span><\/strong> se escriben los nombres de las celdas.<\/li>\n<li>Ejemplo, si el precio est\u00e1 en B2 y la cantidad en C2, ser\u00eda (B2*C2)<\/li>\n<li>Completar el ejercicio y mostrar para evaluar.<\/li>\n<\/ol>\n<p><em><strong>Mucho \u00e1nimo y bendiciones<\/strong><\/em><\/p>\n","protected":false},"excerpt":{"rendered":"<p>\u00abHijos, obedeced en el Se\u00f1or a vuestros padres, porque esto es justo.\u00a02\u00a0Honra a tu padre y a tu madre, que es el primer mandamiento con promesa;\u00a03\u00a0para que te vaya bien, y seas de larga vida sobre la tierra\u00bb Efesios 6:1-2 Mercado Objetivo: Dar formato a las celdas y aplicar f\u00f3rmulas de operaciones matem\u00e1ticas b\u00e1sicas en [&hellip;]<\/p>\n","protected":false},"author":1,"featured_media":0,"parent":0,"menu_order":0,"comment_status":"closed","ping_status":"closed","template":"","meta":{"footnotes":""},"_links":{"self":[{"href":"http:\/\/frajano.com\/simon\/informatica\/wp-json\/wp\/v2\/pages\/1082"}],"collection":[{"href":"http:\/\/frajano.com\/simon\/informatica\/wp-json\/wp\/v2\/pages"}],"about":[{"href":"http:\/\/frajano.com\/simon\/informatica\/wp-json\/wp\/v2\/types\/page"}],"author":[{"embeddable":true,"href":"http:\/\/frajano.com\/simon\/informatica\/wp-json\/wp\/v2\/users\/1"}],"replies":[{"embeddable":true,"href":"http:\/\/frajano.com\/simon\/informatica\/wp-json\/wp\/v2\/comments?post=1082"}],"version-history":[{"count":1,"href":"http:\/\/frajano.com\/simon\/informatica\/wp-json\/wp\/v2\/pages\/1082\/revisions"}],"predecessor-version":[{"id":1083,"href":"http:\/\/frajano.com\/simon\/informatica\/wp-json\/wp\/v2\/pages\/1082\/revisions\/1083"}],"wp:attachment":[{"href":"http:\/\/frajano.com\/simon\/informatica\/wp-json\/wp\/v2\/media?parent=1082"}],"curies":[{"name":"wp","href":"https:\/\/api.w.org\/{rel}","templated":true}]}}