{"id":1107,"date":"2022-03-02T00:59:40","date_gmt":"2022-03-02T00:59:40","guid":{"rendered":"http:\/\/frajano.com\/simon\/informatica\/?page_id=1107"},"modified":"2022-03-02T01:11:20","modified_gmt":"2022-03-02T01:11:20","slug":"ejernov1_3","status":"publish","type":"page","link":"http:\/\/frajano.com\/simon\/informatica\/ejernov1_3\/","title":{"rendered":"EjerExcel1_3"},"content":{"rendered":"<p><strong>S\u00ed,\u00a0<em>pero no todo es conveniente<\/em>. Y aunque \u201ctodo est\u00e9 permitido\u201d, no todo ayuda al provecho espiritual de los dem\u00e1s.\u00a0 \u00a0 \u00a0 \u00a0 1 Corintios 10:23<\/strong><\/p>\n<p><em><strong><span style=\"color: blue;\">Ejercicio 3<\/span><\/strong><\/em><\/p>\n<p><strong>Objetivo:\u00a0<\/strong>Organizar las f\u00f3rmulas correspondientes para hallar los multiplicativos correspondientes.<\/p>\n<ol>\n<li>Dise\u00f1ar la siguiente tabla como se muestra en la figura<\/li>\n<li>Para hallar el doble es as\u00ed: <em><strong>=suma(celda*2)\u00a0<\/strong><\/em><\/li>\n<li>Tener en cuenta lo que se pide en cada columna<\/li>\n<\/ol>\n<p><a href=\"http:\/\/frajano.com\/simon\/informatica\/wp-content\/uploads\/2022\/03\/multiplicativos.jpg\"><img loading=\"lazy\" decoding=\"async\" class=\"alignnone size-medium wp-image-1108\" src=\"http:\/\/frajano.com\/simon\/informatica\/wp-content\/uploads\/2022\/03\/multiplicativos-300x106.jpg\" alt=\"multiplicativos\" width=\"300\" height=\"106\" srcset=\"http:\/\/frajano.com\/simon\/informatica\/wp-content\/uploads\/2022\/03\/multiplicativos-300x106.jpg 300w, http:\/\/frajano.com\/simon\/informatica\/wp-content\/uploads\/2022\/03\/multiplicativos-768x271.jpg 768w, http:\/\/frajano.com\/simon\/informatica\/wp-content\/uploads\/2022\/03\/multiplicativos.jpg 841w\" sizes=\"(max-width: 300px) 100vw, 300px\" \/><\/a><\/p>\n<p>4. Realizar todas las f\u00f3rmulas<\/p>\n<p>5.\u00a0Mostrar para evaluar<\/p>\n<p>6. Pasar la tabla ordenadamente al cuaderno con las primeras 4 formulas de cada columna.<\/p>\n<p><strong><span style=\"color: blue;\">Mucho \u00e1nimo y bendiciones<\/span><\/strong><\/p>\n","protected":false},"excerpt":{"rendered":"<p>S\u00ed,\u00a0pero no todo es conveniente. Y aunque \u201ctodo est\u00e9 permitido\u201d, no todo ayuda al provecho espiritual de los dem\u00e1s.\u00a0 \u00a0 \u00a0 \u00a0 1 Corintios 10:23 Ejercicio 3 Objetivo:\u00a0Organizar las f\u00f3rmulas correspondientes para hallar los multiplicativos correspondientes. Dise\u00f1ar la siguiente tabla como se muestra en la figura Para hallar el doble es as\u00ed: =suma(celda*2)\u00a0 Tener en [&hellip;]<\/p>\n","protected":false},"author":1,"featured_media":0,"parent":0,"menu_order":0,"comment_status":"closed","ping_status":"closed","template":"","meta":{"footnotes":""},"_links":{"self":[{"href":"http:\/\/frajano.com\/simon\/informatica\/wp-json\/wp\/v2\/pages\/1107"}],"collection":[{"href":"http:\/\/frajano.com\/simon\/informatica\/wp-json\/wp\/v2\/pages"}],"about":[{"href":"http:\/\/frajano.com\/simon\/informatica\/wp-json\/wp\/v2\/types\/page"}],"author":[{"embeddable":true,"href":"http:\/\/frajano.com\/simon\/informatica\/wp-json\/wp\/v2\/users\/1"}],"replies":[{"embeddable":true,"href":"http:\/\/frajano.com\/simon\/informatica\/wp-json\/wp\/v2\/comments?post=1107"}],"version-history":[{"count":4,"href":"http:\/\/frajano.com\/simon\/informatica\/wp-json\/wp\/v2\/pages\/1107\/revisions"}],"predecessor-version":[{"id":1112,"href":"http:\/\/frajano.com\/simon\/informatica\/wp-json\/wp\/v2\/pages\/1107\/revisions\/1112"}],"wp:attachment":[{"href":"http:\/\/frajano.com\/simon\/informatica\/wp-json\/wp\/v2\/media?parent=1107"}],"curies":[{"name":"wp","href":"https:\/\/api.w.org\/{rel}","templated":true}]}}