{"id":1135,"date":"2022-03-16T03:38:33","date_gmt":"2022-03-16T03:38:33","guid":{"rendered":"http:\/\/frajano.com\/simon\/informatica\/?page_id=1135"},"modified":"2022-03-16T03:41:54","modified_gmt":"2022-03-16T03:41:54","slug":"ejer6_excel","status":"publish","type":"page","link":"http:\/\/frajano.com\/simon\/informatica\/ejer6_excel\/","title":{"rendered":"Ejer7_Excel"},"content":{"rendered":"<p><strong>Ejercicio 7<\/strong><\/p>\n<ol>\n<li>Abrir Excel<\/li>\n<li>Leer cuidadosamente\u00a0todos los puntos del ejercicio.<\/li>\n<li>Organizar tabla con los encabezados que crea necesarios.<\/li>\n<li>Dar clic en <strong>vista<\/strong> &#8211; Luego en <strong>inmovilizar<\/strong>. <strong>Inmovilizar fila superior.<\/strong><\/li>\n<li>Cambiar el nombre de la hoja1 por f\u00f3rmulas3<\/li>\n<li>Realizar las siguientes f\u00f3rmulas:<\/li>\n<\/ol>\n<p>Utilizar par\u00e9ntesis donde sea necesario<\/p>\n<p>a. Dado un n\u00famero z, hallar el cuadrado de z<br \/>\nb. Dado un numero x, otro y, otro z, hallar el doble del X mas el triple de Y mas el cuadrado de Z.<br \/>\nc. Hallar el doble aumentado en cinco de un numero x.<br \/>\nd. Hallar el triple disminuido en tres de un numero x<br \/>\ne. Hallar el cuadrado de un numero x, mas el cu\u00e1druple aumentado en diez.<br \/>\nf. Hallar el cubo de un numero x aumentado en siete<br \/>\ng. Hallar el cuadrado de un numero mas el cubo del mismo numero mas ocho<br \/>\nh. Dados tres n\u00fameros x, y, z, mostrar el cubo del primero mas el doble del segundo mas el triple del primero disminuido en 15<br \/>\ni. Dados dos n\u00fameros x, y, mostrar el doble del primero menos 5 veces el segundo aumentado en 10<br \/>\nj. Dado un numero X, mostrar el triple del numero mas el cubo del numero disminuido en siete<br \/>\nl. Dados cinco n\u00fameros, hallar la suma de los tres primeros mas el producto de los dos \u00faltimos<br \/>\n<strong><em>Presentar para evaluar<\/em><\/strong><\/p>\n","protected":false},"excerpt":{"rendered":"<p>Ejercicio 7 Abrir Excel Leer cuidadosamente\u00a0todos los puntos del ejercicio. Organizar tabla con los encabezados que crea necesarios. Dar clic en vista &#8211; Luego en inmovilizar. Inmovilizar fila superior. Cambiar el nombre de la hoja1 por f\u00f3rmulas3 Realizar las siguientes f\u00f3rmulas: Utilizar par\u00e9ntesis donde sea necesario a. Dado un n\u00famero z, hallar el cuadrado de [&hellip;]<\/p>\n","protected":false},"author":1,"featured_media":0,"parent":0,"menu_order":0,"comment_status":"closed","ping_status":"closed","template":"","meta":{"footnotes":""},"_links":{"self":[{"href":"http:\/\/frajano.com\/simon\/informatica\/wp-json\/wp\/v2\/pages\/1135"}],"collection":[{"href":"http:\/\/frajano.com\/simon\/informatica\/wp-json\/wp\/v2\/pages"}],"about":[{"href":"http:\/\/frajano.com\/simon\/informatica\/wp-json\/wp\/v2\/types\/page"}],"author":[{"embeddable":true,"href":"http:\/\/frajano.com\/simon\/informatica\/wp-json\/wp\/v2\/users\/1"}],"replies":[{"embeddable":true,"href":"http:\/\/frajano.com\/simon\/informatica\/wp-json\/wp\/v2\/comments?post=1135"}],"version-history":[{"count":2,"href":"http:\/\/frajano.com\/simon\/informatica\/wp-json\/wp\/v2\/pages\/1135\/revisions"}],"predecessor-version":[{"id":1137,"href":"http:\/\/frajano.com\/simon\/informatica\/wp-json\/wp\/v2\/pages\/1135\/revisions\/1137"}],"wp:attachment":[{"href":"http:\/\/frajano.com\/simon\/informatica\/wp-json\/wp\/v2\/media?parent=1135"}],"curies":[{"name":"wp","href":"https:\/\/api.w.org\/{rel}","templated":true}]}}