{"id":1138,"date":"2022-03-16T03:46:15","date_gmt":"2022-03-16T03:46:15","guid":{"rendered":"http:\/\/frajano.com\/simon\/informatica\/?page_id=1138"},"modified":"2022-03-16T03:46:15","modified_gmt":"2022-03-16T03:46:15","slug":"ejer6_excel-2","status":"publish","type":"page","link":"http:\/\/frajano.com\/simon\/informatica\/ejer6_excel-2\/","title":{"rendered":"ejer6_Excel"},"content":{"rendered":"<p><strong>Ejercicio 6<\/strong><\/p>\n<p>Abrir Excel<\/p>\n<p>Dar clic en vista &#8211; quite la selecci\u00f3n en l\u00edneas de cuadricula y aceptar.<br \/>\nUse los bordes para realizar cuadros que separen cada ejercicio<br \/>\nCambie el nombre de la hoja1 por f\u00f3rmulas2<br \/>\nRealice las siguientes f\u00f3rmulas:<br \/>\n&#8211; Hallar el \u00c1rea del c\u00edrculo, dado el radio<br \/>\n&#8211; Convertir metros a cent\u00edmetros<br \/>\n&#8211; Hallar el \u00c1rea del triangulo dadas la base y la altura<br \/>\n&#8211; Convertir pies a pulgadas<br \/>\n&#8211; Hallar el volumen de un cilindro dados la altura y el radio<br \/>\n&#8211; Convertir km a m<br \/>\n&#8211; Convertir m a km<br \/>\n&#8211; Dado un n\u00famero x, hallar el doble de x<br \/>\n&#8211; Dado un n\u00famero z, hallar el triple mas uno de z<br \/>\n&#8211; Dados tres n\u00fameros, encontrar la suma de los tres<br \/>\n&#8211; Dados dos n\u00fameros encontrar la suma del doble del primero y la tercera parte del segundo<br \/>\n&#8211; Dado un n\u00famero encontrar el cuadrado mas el doble disminuido en cinco del n\u00famero<br \/>\n&#8211; Encontrar la suma de los cuadrados de dos n\u00fameros<br \/>\n&#8211; Dados dos n\u00fameros encontrar la suma de los n\u00fameros disminuido en su resta<br \/>\n<em><strong>Presente para evaluar<\/strong><\/em><\/p>\n","protected":false},"excerpt":{"rendered":"<p>Ejercicio 6 Abrir Excel Dar clic en vista &#8211; quite la selecci\u00f3n en l\u00edneas de cuadricula y aceptar. Use los bordes para realizar cuadros que separen cada ejercicio Cambie el nombre de la hoja1 por f\u00f3rmulas2 Realice las siguientes f\u00f3rmulas: &#8211; Hallar el \u00c1rea del c\u00edrculo, dado el radio &#8211; Convertir metros a cent\u00edmetros &#8211; [&hellip;]<\/p>\n","protected":false},"author":1,"featured_media":0,"parent":0,"menu_order":0,"comment_status":"closed","ping_status":"closed","template":"","meta":{"footnotes":""},"_links":{"self":[{"href":"http:\/\/frajano.com\/simon\/informatica\/wp-json\/wp\/v2\/pages\/1138"}],"collection":[{"href":"http:\/\/frajano.com\/simon\/informatica\/wp-json\/wp\/v2\/pages"}],"about":[{"href":"http:\/\/frajano.com\/simon\/informatica\/wp-json\/wp\/v2\/types\/page"}],"author":[{"embeddable":true,"href":"http:\/\/frajano.com\/simon\/informatica\/wp-json\/wp\/v2\/users\/1"}],"replies":[{"embeddable":true,"href":"http:\/\/frajano.com\/simon\/informatica\/wp-json\/wp\/v2\/comments?post=1138"}],"version-history":[{"count":1,"href":"http:\/\/frajano.com\/simon\/informatica\/wp-json\/wp\/v2\/pages\/1138\/revisions"}],"predecessor-version":[{"id":1139,"href":"http:\/\/frajano.com\/simon\/informatica\/wp-json\/wp\/v2\/pages\/1138\/revisions\/1139"}],"wp:attachment":[{"href":"http:\/\/frajano.com\/simon\/informatica\/wp-json\/wp\/v2\/media?parent=1138"}],"curies":[{"name":"wp","href":"https:\/\/api.w.org\/{rel}","templated":true}]}}