{"id":1167,"date":"2022-05-18T03:50:30","date_gmt":"2022-05-18T03:50:30","guid":{"rendered":"http:\/\/frajano.com\/simon\/informatica\/?page_id=1167"},"modified":"2024-10-15T01:28:38","modified_gmt":"2024-10-15T01:28:38","slug":"porcent_excel","status":"publish","type":"page","link":"http:\/\/frajano.com\/simon\/informatica\/porcent_excel\/","title":{"rendered":"Porcent_Excel"},"content":{"rendered":"<p><strong><span style=\"color: red;\">PORCENTAJES EN EXCEL<\/span><\/strong><\/p>\n<p><strong>Objetivo: Utilizar la f\u00f3rmula para hallar porcentajes en Excel<\/strong><\/p>\n<p>Organizar la siguiente tabla en Excel, siguiendo las instrucciones para hallar los porcentajes correspondientes.<\/p>\n<p><em>(Dar clic para agrandar la imagen)<\/em><\/p>\n<ol>\n<li>Dise\u00f1ar la siguiente tabla en Excel<\/li>\n<\/ol>\n<p><a href=\"http:\/\/frajano.com\/simon\/informatica\/wp-content\/uploads\/2024\/10\/PORCENTAJ.jpg\"><img loading=\"lazy\" decoding=\"async\" class=\"alignnone size-medium wp-image-1574\" src=\"http:\/\/frajano.com\/simon\/informatica\/wp-content\/uploads\/2024\/10\/PORCENTAJ-300x107.jpg\" alt=\"\" width=\"300\" height=\"107\" srcset=\"http:\/\/frajano.com\/simon\/informatica\/wp-content\/uploads\/2024\/10\/PORCENTAJ-300x107.jpg 300w, http:\/\/frajano.com\/simon\/informatica\/wp-content\/uploads\/2024\/10\/PORCENTAJ.jpg 601w\" sizes=\"(max-width: 300px) 100vw, 300px\" \/><\/a><\/p>\n<ol>\n<li><span style=\"color: red;\">Se multiplica el nombre de la celda por el porcentaje acompa\u00f1ado del %.<\/span><\/li>\n<li><span style=\"color: red;\">As\u00ed\u00a0 \u00a0 \u00a0=suma(A3*5%)<\/span><\/li>\n<li>\u00a0Insertar el 3%, 8%, 15%, 25%, 40% y 60%. Teniendo en cuenta Insertar la columna correspondiente. (dando clic con <strong>bot\u00f3n derecho del mouse<\/strong> sobre la columna C,\u00a0<strong>Insertar)<\/strong>\u00a0para insertar el 3%<\/li>\n<li>Continuar insertando los dem\u00e1s porcentajes.<\/li>\n<li>Organizar la tabla con color de fondo y fuente a su gusto.<\/li>\n<li>Pasar al cuaderno la tabla con las <em><strong>3 primeras filas y las f\u00f3rmulas<\/strong><\/em> que corresponden.<\/li>\n<li>Presentar para evaluar<\/li>\n<\/ol>\n","protected":false},"excerpt":{"rendered":"<p>PORCENTAJES EN EXCEL Objetivo: Utilizar la f\u00f3rmula para hallar porcentajes en Excel Organizar la siguiente tabla en Excel, siguiendo las instrucciones para hallar los porcentajes correspondientes. (Dar clic para agrandar la imagen) Dise\u00f1ar la siguiente tabla en Excel Se multiplica el nombre de la celda por el porcentaje acompa\u00f1ado del %. As\u00ed\u00a0 \u00a0 \u00a0=suma(A3*5%) \u00a0Insertar [&hellip;]<\/p>\n","protected":false},"author":1,"featured_media":0,"parent":0,"menu_order":0,"comment_status":"closed","ping_status":"closed","template":"","meta":{"footnotes":""},"_links":{"self":[{"href":"http:\/\/frajano.com\/simon\/informatica\/wp-json\/wp\/v2\/pages\/1167"}],"collection":[{"href":"http:\/\/frajano.com\/simon\/informatica\/wp-json\/wp\/v2\/pages"}],"about":[{"href":"http:\/\/frajano.com\/simon\/informatica\/wp-json\/wp\/v2\/types\/page"}],"author":[{"embeddable":true,"href":"http:\/\/frajano.com\/simon\/informatica\/wp-json\/wp\/v2\/users\/1"}],"replies":[{"embeddable":true,"href":"http:\/\/frajano.com\/simon\/informatica\/wp-json\/wp\/v2\/comments?post=1167"}],"version-history":[{"count":6,"href":"http:\/\/frajano.com\/simon\/informatica\/wp-json\/wp\/v2\/pages\/1167\/revisions"}],"predecessor-version":[{"id":1575,"href":"http:\/\/frajano.com\/simon\/informatica\/wp-json\/wp\/v2\/pages\/1167\/revisions\/1575"}],"wp:attachment":[{"href":"http:\/\/frajano.com\/simon\/informatica\/wp-json\/wp\/v2\/media?parent=1167"}],"curies":[{"name":"wp","href":"https:\/\/api.w.org\/{rel}","templated":true}]}}