{"id":20,"date":"2013-02-03T22:17:01","date_gmt":"2013-02-03T22:17:01","guid":{"rendered":"http:\/\/colsimon.co\/?page_id=20"},"modified":"2025-04-22T13:50:54","modified_gmt":"2025-04-22T13:50:54","slug":"grado-sexto","status":"publish","type":"page","link":"http:\/\/frajano.com\/simon\/informatica\/grado-sexto\/","title":{"rendered":"Grado sexto"},"content":{"rendered":"\n<p><a href=\"https:\/\/www.superprof.es\/apuntes\/escolar\/matematicas\/aritmetica\/racionales\/ejercicios-interactivos-de-potencia-de-numeros-racionales.html\">Ejercicio matematicas<\/a><\/p>\n\n\n<p><style>\/*! elementor - v3.20.0 - 26-03-2024 *\/<br \/>\n.elementor-widget-image{text-align:center}.elementor-widget-image a{display:inline-block}.elementor-widget-image a img[src$=\".svg\"]{width:48px}.elementor-widget-image img{vertical-align:middle;display:inline-block}<\/style> <a href=\"https:\/\/frajano.com\/simon\/informatica\/auto-coevaluacion\/\">AUTO-COEVALUACI\u00d3N<\/a><\/p>\n<p><img loading=\"lazy\" decoding=\"async\" src=\"http:\/\/frajano.com\/simon\/informatica\/wp-content\/uploads\/2024\/04\/content-img-05-1024x768.jpg\" sizes=\"(max-width: 800px) 100vw, 800px\" srcset=\"https:\/\/frajano.com\/simon\/informatica\/wp-content\/uploads\/2024\/04\/content-img-05-1024x768.jpg 1024w, https:\/\/frajano.com\/simon\/informatica\/wp-content\/uploads\/2024\/04\/content-img-05-300x225.jpg 300w, https:\/\/frajano.com\/simon\/informatica\/wp-content\/uploads\/2024\/04\/content-img-05-768x576.jpg 768w, https:\/\/frajano.com\/simon\/informatica\/wp-content\/uploads\/2024\/04\/content-img-05.jpg 1200w\" alt=\"\" width=\"800\" height=\"600\" \/><br \/>PERIODO I<br \/>INDICADORES DE LOGROS<\/p>\n<ol>\n<li>Dise\u00f1a gr\u00e1ficos utilizando diferentes herramientas de Paint<\/li>\n<li>Escribe documentos en Procesador de texto WordPad<\/li>\n<li>Reconoce las partes de Windows<\/li>\n<li>Manifiesta actitudes de respeto y de responsabilidad en lo acad\u00e9mico y convivencial.<\/li>\n<li>Realiza las actividades de lectura tecnol\u00f3gica propuestas en clase.<\/li>\n<\/ol>\n<p>Lectura tecnol\u00f3gica <a href=\"https:\/\/es.slideshare.net\/greziaisabel\/primeras-herramientas-creadas-por-la-humanidad\">(herramientas primitivas)<\/a><\/p>\n<table border=\"3\">\n<tbody>\n<tr>\n<th><a title=\"ejersexto1_1\" href=\"http:\/\/frajano.com\/simon\/informatica\/?page_id=143\">Ejercicio 1<\/a><\/th>\n<th><a title=\"ejersexto1_2\" href=\"http:\/\/frajano.com\/simon\/informatica\/?page_id=216\">Ejercicio 2<\/a>\u00a0 \u00a0 \u00a0 \u00a0 \u00a0\u00a0<a title=\"sextoejer3_3\" href=\"http:\/\/frajano.com\/simon\/informatica\/?page_id=455\">Ejercicio 3<\/a><\/th>\n<th><a title=\"evaluaci\u00f3n grado sexto\" href=\"http:\/\/colsimon.co\/moodle\/mod\/quiz\/view.php?id=2\" target=\"_blank\" rel=\"noopener\">Evaluaci\u00f3n<\/a><\/th>\n<\/tr>\n<tr>\n<th><a title=\"sexto3-4\" href=\"http:\/\/frajano.com\/simon\/informatica\/?page_id=545\">Ejercicio 4<\/a><\/th>\n<th>Ejercicio 5 \u00a0 \u00a0 \u00a0 \u00a0 \u00a0Ejercicio 6<\/th>\n<th>\u00a0<\/th>\n<\/tr>\n<\/tbody>\n<\/table>\n<p>PERIODO II<br \/>Indicadores de logros<\/p>\n<ol>\n<li>Programa figuras geom\u00e9tricas con procedimientos en Micromundos pro.<\/li>\n<li>Analiza las lecturas de tecnolog\u00eda asignadas.<\/li>\n<li>Demuestra respeto y colaboraci\u00f3n en el desarrollo de las actividades<\/li>\n<\/ol>\n<p><a href=\"http:\/\/colsimon.edu.co\/informatica\/?page_id=920\">Evaluaci\u00f3n<\/a><br \/><a title=\"Ejer3_1\" href=\"http:\/\/colsimon.edu.co\/?page_id=426\"> PERIODO\u00a0<\/a>III (REPASO)<br \/><a href=\"http:\/\/colsimon.edu.co\/informatica\/wp-content\/uploads\/2013\/02\/Act1_2P_Prog_Scratch.docx\">Act1_2P_Prog_Scratch<\/a><br \/><a href=\"http:\/\/colsimon.edu.co\/informatica\/wp-content\/uploads\/2013\/02\/Act2_2P_nave_Scratch.docx\">Act2_2P_nave_Scratch<\/a><br \/><a href=\"http:\/\/colsimon.edu.co\/informatica\/wp-content\/uploads\/2013\/02\/Act3_2P_Escenario_Scratch.docx\">Act3_2P_Escenario_Scratch<\/a><br \/><em><strong>PERIODO III<\/strong><\/em><br \/><strong>Indicadores de logros<\/strong><\/p>\n<ol>\n<li>Realiza programas sencillos en MakeCode Microbit<\/li>\n<li>Reconoce las librer\u00edas, bloques y c\u00f3digos para programar en microbit<\/li>\n<li>Entrega oportunamente las actividades propuestas en clase.<\/li>\n<li>Cumple con las normas estipuladas en clase (items auto y coevaluaci\u00f3n)<\/li>\n<\/ol>\n<p>MICRO-BIT<br \/><a href=\"https:\/\/makecode.microbit.org\/\">https:\/\/makecode.microbit.org\/<\/a><br \/><a href=\"http:\/\/frajano.com\/compartir\/pdf\/MICRO2.pdf\">Ejercicio 1<\/a><br \/><strong>GUIAS APRENDE EN CASA (Periodo III)<\/strong><br \/><a href=\"http:\/\/frajano.com\/simon\/informatica\/wp-content\/uploads\/2013\/02\/GUIA_Informatica6_AenCasa1.pdf\">GUIA_Informatica6_AenCasa1<\/a><br \/><a href=\"http:\/\/frajano.com\/simon\/informatica\/wp-content\/uploads\/2013\/02\/GUIAS_Informatica6_AenCasa2.pdf\">GUIAS_Informatica6_AenCasa2<\/a><br \/><a href=\"http:\/\/frajano.com\/simon\/informatica\/wp-content\/uploads\/2013\/02\/GUIAS_Informatica6_AenCasa3.pdf\">GUIAS_Informatica6_AenCasa3<\/a><br \/><a href=\"http:\/\/frajano.com\/simon\/informatica\/wp-content\/uploads\/2013\/02\/GUIAS_Informatica6_Aen-Casa4.pdf\">GUIAS_Informatica6_Aen Casa4<\/a><br \/>\u00a0<\/p>","protected":false},"excerpt":{"rendered":"<p>Ejercicio matematicas AUTO-COEVALUACI\u00d3N PERIODO IINDICADORES DE LOGROS Dise\u00f1a gr\u00e1ficos utilizando diferentes herramientas de Paint Escribe documentos en Procesador de texto WordPad Reconoce las partes de Windows Manifiesta actitudes de respeto y de responsabilidad en lo acad\u00e9mico y convivencial. Realiza las actividades de lectura tecnol\u00f3gica propuestas en clase. Lectura tecnol\u00f3gica (herramientas primitivas) Ejercicio 1 Ejercicio 2\u00a0 [&hellip;]<\/p>\n","protected":false},"author":1,"featured_media":0,"parent":0,"menu_order":0,"comment_status":"closed","ping_status":"open","template":"","meta":{"footnotes":""},"_links":{"self":[{"href":"http:\/\/frajano.com\/simon\/informatica\/wp-json\/wp\/v2\/pages\/20"}],"collection":[{"href":"http:\/\/frajano.com\/simon\/informatica\/wp-json\/wp\/v2\/pages"}],"about":[{"href":"http:\/\/frajano.com\/simon\/informatica\/wp-json\/wp\/v2\/types\/page"}],"author":[{"embeddable":true,"href":"http:\/\/frajano.com\/simon\/informatica\/wp-json\/wp\/v2\/users\/1"}],"replies":[{"embeddable":true,"href":"http:\/\/frajano.com\/simon\/informatica\/wp-json\/wp\/v2\/comments?post=20"}],"version-history":[{"count":35,"href":"http:\/\/frajano.com\/simon\/informatica\/wp-json\/wp\/v2\/pages\/20\/revisions"}],"predecessor-version":[{"id":1679,"href":"http:\/\/frajano.com\/simon\/informatica\/wp-json\/wp\/v2\/pages\/20\/revisions\/1679"}],"wp:attachment":[{"href":"http:\/\/frajano.com\/simon\/informatica\/wp-json\/wp\/v2\/media?parent=20"}],"curies":[{"name":"wp","href":"https:\/\/api.w.org\/{rel}","templated":true}]}}