{"id":261,"date":"2013-03-04T15:26:20","date_gmt":"2013-03-04T15:26:20","guid":{"rendered":"http:\/\/colsimon.co\/?page_id=261"},"modified":"2016-03-03T18:00:36","modified_gmt":"2016-03-03T18:00:36","slug":"ejerseptimo1_2","status":"publish","type":"page","link":"http:\/\/frajano.com\/simon\/informatica\/ejerseptimo1_2\/","title":{"rendered":"ejerseptimo1_2"},"content":{"rendered":"<p><span style=\"color: blue;\">\u00abHonra a tu padre y tu madre para que seas de larga vida sobre la tierra y en TODO te vaya bien\u00bb G\u00e1latas 6:2 <\/span><\/p>\n<p><strong><em>INSERTAR ENCABEZADO Y PIE DE P\u00c1GINA EN DOCUMENTOS<\/em><\/strong><\/p>\n<ol>\n<li>Ingresar a Word<\/li>\n<li>Copiar (libro) dos p\u00e1ginas completas en tama\u00f1o 12, estilo calibri, color azul o negro.<\/li>\n<li>Insertar_ Encabezado _ En blanco (tres columnas)<\/li>\n<\/ol>\n<p>TENER EN CUENTA LA ORTOGRAF\u00cdA, SIGNOS DE PUNTUACI\u00d3N que brinda el libro.<\/p>\n<ul>\n<li>En la primera, escribir su nombre<\/li>\n<li>En la segunda, el nombre completo del colegio(COLEGIO DISTRITAL SIM\u00d3N BOL\u00cdVAR)<\/li>\n<li>En la tercera, su curso (701, 702)<\/li>\n<\/ul>\n<p>4. Dar doble clic sobre el escrito<\/p>\n<p>5. Clic en, Insertar _ Pie de p\u00e1gina.\u00a0\u00a0 Escoger ALFABETO<\/p>\n<p>6. Escribir el t\u00edtulo del libro.<\/p>\n<p>7. Dar doble clic sobre el escrito.<\/p>\n<p>8. Dar clic en BOTON DE OFFICE _ IMPRIMIR\u00a0 _ VISTA PRELIMINAR<\/p>\n<p>9. Observar las p\u00e1ginas (2).<\/p>\n<p>Mostrar para evaluar.<\/p>\n<p>BENDICIONES<\/p>\n<p>&nbsp;<\/p>\n<p>&nbsp;<\/p>\n<p>&nbsp;<\/p>\n","protected":false},"excerpt":{"rendered":"<p>\u00abHonra a tu padre y tu madre para que seas de larga vida sobre la tierra y en TODO te vaya bien\u00bb G\u00e1latas 6:2 INSERTAR ENCABEZADO Y PIE DE P\u00c1GINA EN DOCUMENTOS Ingresar a Word Copiar (libro) dos p\u00e1ginas completas en tama\u00f1o 12, estilo calibri, color azul o negro. Insertar_ Encabezado _ En blanco (tres [&hellip;]<\/p>\n","protected":false},"author":1,"featured_media":0,"parent":0,"menu_order":0,"comment_status":"open","ping_status":"open","template":"","meta":{"footnotes":""},"_links":{"self":[{"href":"http:\/\/frajano.com\/simon\/informatica\/wp-json\/wp\/v2\/pages\/261"}],"collection":[{"href":"http:\/\/frajano.com\/simon\/informatica\/wp-json\/wp\/v2\/pages"}],"about":[{"href":"http:\/\/frajano.com\/simon\/informatica\/wp-json\/wp\/v2\/types\/page"}],"author":[{"embeddable":true,"href":"http:\/\/frajano.com\/simon\/informatica\/wp-json\/wp\/v2\/users\/1"}],"replies":[{"embeddable":true,"href":"http:\/\/frajano.com\/simon\/informatica\/wp-json\/wp\/v2\/comments?post=261"}],"version-history":[{"count":8,"href":"http:\/\/frajano.com\/simon\/informatica\/wp-json\/wp\/v2\/pages\/261\/revisions"}],"predecessor-version":[{"id":626,"href":"http:\/\/frajano.com\/simon\/informatica\/wp-json\/wp\/v2\/pages\/261\/revisions\/626"}],"wp:attachment":[{"href":"http:\/\/frajano.com\/simon\/informatica\/wp-json\/wp\/v2\/media?parent=261"}],"curies":[{"name":"wp","href":"https:\/\/api.w.org\/{rel}","templated":true}]}}