{"id":291,"date":"2013-03-08T15:23:48","date_gmt":"2013-03-08T15:23:48","guid":{"rendered":"http:\/\/colsimon.co\/?page_id=291"},"modified":"2022-02-23T01:35:25","modified_gmt":"2022-02-23T01:35:25","slug":"ejerdecimo1_2","status":"publish","type":"page","link":"http:\/\/frajano.com\/simon\/informatica\/ejerdecimo1_2\/","title":{"rendered":"Ejerdecimo1_2"},"content":{"rendered":"<p><strong>\u00abSi reconoces tus pecados, te arrepientes, te humillas delante de Mi, te conviertes de tus malos caminos, Yo perdonar\u00e9 tus pecados y te bendecir\u00e9. En adelante Mis ojos estar\u00e1n abiertos y Mis o\u00eddos atentos a las peticiones que hagas\u00bb <\/strong>\u00a0\u00a0 2\u00aa Cr\u00f3nicas 7:14-15 (Antiguo Testamento)<\/p>\n<p>EJERCICIOS<\/p>\n<p><strong>En el cuaderno y en el computador (USB)<\/strong><\/p>\n<ol>\n<li>Ingresar a DFD<\/li>\n<li>Hallar el \u00e1rea de un cuadrado (lado por lado). Se necesita s\u00f3lo una variable.<\/li>\n<li>Hallar el \u00e1rea de un rect\u00e1ngulo (base por altura) Ingresar dos variables (a,b)<\/li>\n<li>Hallar el \u00e1rea de un tri\u00e1ngulo (base por altura divido en dos) Ingresar dos variables(a,b).<\/li>\n<li>Convertir metros a cent\u00edmetros<\/li>\n<li>Pedir dos n\u00fameros y mostrar su suma<\/li>\n<li>Mostrar para evaluar<\/li>\n<\/ol>\n<p>BENDICIONES<\/p>\n","protected":false},"excerpt":{"rendered":"<p>\u00abSi reconoces tus pecados, te arrepientes, te humillas delante de Mi, te conviertes de tus malos caminos, Yo perdonar\u00e9 tus pecados y te bendecir\u00e9. En adelante Mis ojos estar\u00e1n abiertos y Mis o\u00eddos atentos a las peticiones que hagas\u00bb \u00a0\u00a0 2\u00aa Cr\u00f3nicas 7:14-15 (Antiguo Testamento) EJERCICIOS En el cuaderno y en el computador (USB) Ingresar [&hellip;]<\/p>\n","protected":false},"author":1,"featured_media":0,"parent":0,"menu_order":0,"comment_status":"open","ping_status":"open","template":"","meta":{"footnotes":""},"_links":{"self":[{"href":"http:\/\/frajano.com\/simon\/informatica\/wp-json\/wp\/v2\/pages\/291"}],"collection":[{"href":"http:\/\/frajano.com\/simon\/informatica\/wp-json\/wp\/v2\/pages"}],"about":[{"href":"http:\/\/frajano.com\/simon\/informatica\/wp-json\/wp\/v2\/types\/page"}],"author":[{"embeddable":true,"href":"http:\/\/frajano.com\/simon\/informatica\/wp-json\/wp\/v2\/users\/1"}],"replies":[{"embeddable":true,"href":"http:\/\/frajano.com\/simon\/informatica\/wp-json\/wp\/v2\/comments?post=291"}],"version-history":[{"count":10,"href":"http:\/\/frajano.com\/simon\/informatica\/wp-json\/wp\/v2\/pages\/291\/revisions"}],"predecessor-version":[{"id":1090,"href":"http:\/\/frajano.com\/simon\/informatica\/wp-json\/wp\/v2\/pages\/291\/revisions\/1090"}],"wp:attachment":[{"href":"http:\/\/frajano.com\/simon\/informatica\/wp-json\/wp\/v2\/media?parent=291"}],"curies":[{"name":"wp","href":"https:\/\/api.w.org\/{rel}","templated":true}]}}