{"id":498,"date":"2015-07-28T16:21:08","date_gmt":"2015-07-28T16:21:08","guid":{"rendered":"http:\/\/colsimon.co\/?page_id=498"},"modified":"2015-07-29T12:50:46","modified_gmt":"2015-07-29T12:50:46","slug":"ejer3_3","status":"publish","type":"page","link":"http:\/\/frajano.com\/simon\/informatica\/ejer3_3\/","title":{"rendered":"ejer3_3"},"content":{"rendered":"<p><span style=\"color: blue;\">\u00abAleja la tristeza de tu coraz\u00f3n y aparta de tu vida el sufrimiento porque la juventud y la adolescencia son pasajeras\u00bb <span style=\"color: red;\">Eclesiast\u00e9s 11:10<\/span><\/span><\/p>\n<p><strong><em>Leer cuidadosamente (2 veces) todo el ejercicio, luego ir ejecutando punto por punto en orden.<\/em><\/strong><\/p>\n<p><span style=\"color: green;\"><em><strong>Tablas, numeraci\u00f3n y vi\u00f1etas<\/strong><\/em><\/span><\/p>\n<ol>\n<li>Ingresar a Word.<\/li>\n<li>En el men\u00fa <strong>Dise\u00f1o de p\u00e1gina-Orientaci\u00f3n-Horizontal<\/strong><\/li>\n<li>Insertar una tabla (Insertar-Tabla). Elegir 4 columnas<\/li>\n<li>Escribir en negrita y cursiva los siguientes encabezados en los campos de la tabla:<\/li>\n<li><a href=\"http:\/\/colsimon.co\/wp-content\/uploads\/2015\/07\/tablareceta3.jpg\"><img loading=\"lazy\" decoding=\"async\" class=\"alignnone size-medium wp-image-508\" title=\"tablareceta\" src=\"http:\/\/colsimon.co\/wp-content\/uploads\/2015\/07\/tablareceta3-300x29.jpg\" alt=\"\" width=\"300\" height=\"29\" srcset=\"http:\/\/frajano.com\/simon\/informatica\/wp-content\/uploads\/2015\/07\/tablareceta3-300x29.jpg 300w, http:\/\/frajano.com\/simon\/informatica\/wp-content\/uploads\/2015\/07\/tablareceta3.jpg 459w\" sizes=\"(max-width: 300px) 100vw, 300px\" \/><\/a><\/li>\n<li>Consultar, recordar o inventar dos recetas de cocina<\/li>\n<li>Para los Ingredientes, colocar vi\u00f1etas (Inicio-<a href=\"http:\/\/colsimon.co\/wp-content\/uploads\/2015\/07\/vineta.jpg\"><img loading=\"lazy\" decoding=\"async\" class=\"aligncenter size-full wp-image-499\" title=\"vineta\" src=\"http:\/\/colsimon.co\/wp-content\/uploads\/2015\/07\/vineta.jpg\" alt=\"\" width=\"32\" height=\"25\" \/><\/a><\/li>\n<li>Para el procedimiento, colocar numeraci\u00f3n (Inicio-\u00a0<a href=\"http:\/\/colsimon.co\/wp-content\/uploads\/2015\/07\/num.jpg\"><br \/>\n<\/a><\/li>\n<li><a style=\"color: #ff4b33; line-height: 24px;\" href=\"http:\/\/colsimon.co\/wp-content\/uploads\/2015\/07\/num.jpg\"><img loading=\"lazy\" decoding=\"async\" class=\"aligncenter size-full wp-image-500\" title=\"num\" src=\"http:\/\/colsimon.co\/wp-content\/uploads\/2015\/07\/num.jpg\" alt=\"\" width=\"34\" height=\"24\" \/><\/a>Organizar la primera receta de cocina en la tabla.<a href=\"http:\/\/colsimon.co\/wp-content\/uploads\/2015\/07\/receta.jpg\"><img loading=\"lazy\" decoding=\"async\" class=\"alignnone size-medium wp-image-509\" title=\"receta\" src=\"http:\/\/colsimon.co\/wp-content\/uploads\/2015\/07\/receta-300x48.jpg\" alt=\"\" width=\"300\" height=\"48\" srcset=\"http:\/\/frajano.com\/simon\/informatica\/wp-content\/uploads\/2015\/07\/receta-300x48.jpg 300w, http:\/\/frajano.com\/simon\/informatica\/wp-content\/uploads\/2015\/07\/receta.jpg 909w\" sizes=\"(max-width: 300px) 100vw, 300px\" \/><\/a><\/li>\n<li>Ubicar el puntero del mouse en el campo de la imagen, dar clic y luego oprimir la tecla TAB. Hasta que aparezca otra fila para organizar la segunda receta.<a href=\"http:\/\/colsimon.co\/wp-content\/uploads\/2015\/07\/receta1.jpg\"><img loading=\"lazy\" decoding=\"async\" class=\"alignnone size-medium wp-image-510\" title=\"receta1\" src=\"http:\/\/colsimon.co\/wp-content\/uploads\/2015\/07\/receta1-300x54.jpg\" alt=\"\" width=\"300\" height=\"54\" srcset=\"http:\/\/frajano.com\/simon\/informatica\/wp-content\/uploads\/2015\/07\/receta1-300x54.jpg 300w, http:\/\/frajano.com\/simon\/informatica\/wp-content\/uploads\/2015\/07\/receta1.jpg 911w\" sizes=\"(max-width: 300px) 100vw, 300px\" \/><\/a><\/li>\n<li>Escribir la segunda receta.<\/li>\n<li>La tabla debe quedar bien proporcionada<\/li>\n<li>Revisar ortograf\u00eda<\/li>\n<li>Presentar para evaluar.<\/li>\n<\/ol>\n<p>&nbsp;<\/p>\n","protected":false},"excerpt":{"rendered":"<p>\u00abAleja la tristeza de tu coraz\u00f3n y aparta de tu vida el sufrimiento porque la juventud y la adolescencia son pasajeras\u00bb Eclesiast\u00e9s 11:10 Leer cuidadosamente (2 veces) todo el ejercicio, luego ir ejecutando punto por punto en orden. Tablas, numeraci\u00f3n y vi\u00f1etas Ingresar a Word. En el men\u00fa Dise\u00f1o de p\u00e1gina-Orientaci\u00f3n-Horizontal Insertar una tabla (Insertar-Tabla). [&hellip;]<\/p>\n","protected":false},"author":1,"featured_media":0,"parent":0,"menu_order":0,"comment_status":"open","ping_status":"open","template":"","meta":{"footnotes":""},"_links":{"self":[{"href":"http:\/\/frajano.com\/simon\/informatica\/wp-json\/wp\/v2\/pages\/498"}],"collection":[{"href":"http:\/\/frajano.com\/simon\/informatica\/wp-json\/wp\/v2\/pages"}],"about":[{"href":"http:\/\/frajano.com\/simon\/informatica\/wp-json\/wp\/v2\/types\/page"}],"author":[{"embeddable":true,"href":"http:\/\/frajano.com\/simon\/informatica\/wp-json\/wp\/v2\/users\/1"}],"replies":[{"embeddable":true,"href":"http:\/\/frajano.com\/simon\/informatica\/wp-json\/wp\/v2\/comments?post=498"}],"version-history":[{"count":13,"href":"http:\/\/frajano.com\/simon\/informatica\/wp-json\/wp\/v2\/pages\/498\/revisions"}],"predecessor-version":[{"id":504,"href":"http:\/\/frajano.com\/simon\/informatica\/wp-json\/wp\/v2\/pages\/498\/revisions\/504"}],"wp:attachment":[{"href":"http:\/\/frajano.com\/simon\/informatica\/wp-json\/wp\/v2\/media?parent=498"}],"curies":[{"name":"wp","href":"https:\/\/api.w.org\/{rel}","templated":true}]}}