{"id":631,"date":"2016-03-15T17:06:18","date_gmt":"2016-03-15T17:06:18","guid":{"rendered":"http:\/\/colsimon.co\/?page_id=631"},"modified":"2022-02-10T01:54:54","modified_gmt":"2022-02-10T01:54:54","slug":"ejerc2_1","status":"publish","type":"page","link":"http:\/\/frajano.com\/simon\/informatica\/ejerc2_1\/","title":{"rendered":"Ejerc2_1"},"content":{"rendered":"<p><strong>Bienvenid@s a la Programaci\u00f3n en PSEInt<\/strong><br \/>\nPROGRAMAS SECUENCIALES: Son aquellos que tienen una l\u00ednea de programaci\u00f3n<br \/>\n<em><em>Actividad \u00a0 \u00a0 \u00a0 \u00a0 \u00a0 \u00a0 \u00a0 \u00a0 \u00a0 \u00a0 \u00a0 \u00a0 \u00a0 \u00a0 \u00a0 \u00a0 \u00a0 \u00a0 \u00a0 \u00a0 \u00a0 \u00a0 \u00a0 \u00a0 \u00a0 \u00a0 \u00a0 \u00a0 \u00a0 <a href=\"http:\/\/pseint.sourceforge.net\/\">DESCARGAR PSEINT<\/a>\u00a0<\/em><\/em><\/p>\n<p><strong>PSEINT<\/strong><\/p>\n<p>PSeInt es la abreviatura de los estados de computaci\u00f3n de\u00a0<strong>PSe<\/strong>udoc\u00f3digo\u00a0<strong>Int<\/strong>\u00e9rprete, una herramienta educativa creada en\u00a0Argentina, utilizada principalmente por estudiantes para aprender los fundamentos de la programaci\u00f3n y el desarrollo de la l\u00f3gica. Es un software muy popular de su tipo y es ampliamente utilizado en universidades de\u00a0Latinoam\u00e9rica\u00a0y\u00a0Espa\u00f1a.<\/p>\n<p>Este software pretende facilitarle al principiante la tarea de escribir algoritmos en este pseudolenguaje presentando un conjunto de ayudas y asistencias, y brindarle adem\u00e1s algunas herramientas adicionales que le ayuden a encontrar errores y comprender la l\u00f3gica de los algoritmos.<\/p>\n<p>&nbsp;<\/p>\n<p>Todo programa inicia con la palabra <strong>PROCESO <\/strong>y finaliza con la palabra FINPROCESO<\/p>\n<p>&nbsp;<\/p>\n<p>(El comando <strong>ESCRIBIR<\/strong> sirve para ingresar la informaci\u00f3n que se necesita)<\/p>\n<p>(El comando <strong>LEER<\/strong> sirve para ingresar la variable donde se guarda la informaci\u00f3n requerida)<\/p>\n<p>(A y B son las variables donde se guardar\u00e1 la informaci\u00f3n). Tambi\u00e9n la C es una variable<\/p>\n<p><strong>C&lt;-A+B<\/strong> (Significa que la suma de A mas B se le asigna a la variable C)<\/p>\n<p>&nbsp;<\/p>\n<p>Vamos a realizar un programa sencillo:<\/p>\n<p><strong>Ejemplos:<\/strong><\/p>\n<ol>\n<li><strong>Programa que pida dos n\u00fameros, sumarlos y mostrar el resultado.<\/strong><\/li>\n<\/ol>\n<p><strong>Queda as\u00ed:<\/strong><\/p>\n<p>Proceso <strong>suma<\/strong><br \/>\nEscribir \u201cIngrese el primer n\u00famero\u201d<br \/>\nLeer A<br \/>\nEscribir \u201cIngrese el segundo n\u00famero\u201d<br \/>\nLeer B<br \/>\nC&lt;-A+B<br \/>\nEscribir \u201cLa suma de \u2018,A,\u2019 mas \u2018,B,\u2019 es: \u201c ,C<br \/>\nFinProceso<\/p>\n<ol start=\"2\">\n<li><strong>Un programa que pida la base y la altura de un tri\u00e1ngulo y muestre su \u00e1rea<\/strong><\/li>\n<\/ol>\n<p>&nbsp;<\/p>\n<p>Proceso AREATRIANGULO<br \/>\nEscribir \u00a0\u201cIngrese la base del tri\u00e1ngulo\u201d<br \/>\nLeer A<br \/>\nEscribir \u201cIngrese la altura del tri\u00e1ngulo\u201d<br \/>\nLeer B<br \/>\nc&lt;-(a*b)\/2<br \/>\nEscribir \u00a0\u201cEl \u00e1rea del tri\u00e1ngulo con base \u2018,A,\u2019 y altura \u2018,B,\u2019 es: \u201d,C<br \/>\nFinProceso<\/p>\n<p><strong>Ejercicios<\/strong><em><br \/>\n1. Dise\u00f1ar un programa que pida tres n\u00fameros y muestre el producto de la multiplicaci\u00f3n entre ellos.<br \/>\n2. Un programa que pida 2 n\u00fameros y el primero se divida por el segundo<br \/>\n3. Un programa que pida un n\u00famero y muestre su triple.<\/em><\/p>\n<p><strong>Nota: <\/strong><\/p>\n<ol>\n<li>Escribir la programaci\u00f3n ordenadamente en el cuaderno, tanto de los ejemplos dados como de los ejercicios desarrollados.<\/li>\n<li>Pasar los ejercicios a PseInt<\/li>\n<\/ol>\n<p><strong>Mostrar los 5 ejercicios para evaluar<\/strong><br \/>\nMuchas bendiciones<\/p>\n","protected":false},"excerpt":{"rendered":"<p>Bienvenid@s a la Programaci\u00f3n en PSEInt PROGRAMAS SECUENCIALES: Son aquellos que tienen una l\u00ednea de programaci\u00f3n Actividad \u00a0 \u00a0 \u00a0 \u00a0 \u00a0 \u00a0 \u00a0 \u00a0 \u00a0 \u00a0 \u00a0 \u00a0 \u00a0 \u00a0 \u00a0 \u00a0 \u00a0 \u00a0 \u00a0 \u00a0 \u00a0 \u00a0 \u00a0 \u00a0 \u00a0 \u00a0 \u00a0 \u00a0 \u00a0 DESCARGAR PSEINT\u00a0 PSEINT PSeInt es la abreviatura de los [&hellip;]<\/p>\n","protected":false},"author":1,"featured_media":0,"parent":0,"menu_order":0,"comment_status":"open","ping_status":"open","template":"","meta":{"footnotes":""},"_links":{"self":[{"href":"http:\/\/frajano.com\/simon\/informatica\/wp-json\/wp\/v2\/pages\/631"}],"collection":[{"href":"http:\/\/frajano.com\/simon\/informatica\/wp-json\/wp\/v2\/pages"}],"about":[{"href":"http:\/\/frajano.com\/simon\/informatica\/wp-json\/wp\/v2\/types\/page"}],"author":[{"embeddable":true,"href":"http:\/\/frajano.com\/simon\/informatica\/wp-json\/wp\/v2\/users\/1"}],"replies":[{"embeddable":true,"href":"http:\/\/frajano.com\/simon\/informatica\/wp-json\/wp\/v2\/comments?post=631"}],"version-history":[{"count":22,"href":"http:\/\/frajano.com\/simon\/informatica\/wp-json\/wp\/v2\/pages\/631\/revisions"}],"predecessor-version":[{"id":1075,"href":"http:\/\/frajano.com\/simon\/informatica\/wp-json\/wp\/v2\/pages\/631\/revisions\/1075"}],"wp:attachment":[{"href":"http:\/\/frajano.com\/simon\/informatica\/wp-json\/wp\/v2\/media?parent=631"}],"curies":[{"name":"wp","href":"https:\/\/api.w.org\/{rel}","templated":true}]}}