{"id":73,"date":"2013-02-06T19:05:18","date_gmt":"2013-02-06T19:05:18","guid":{"rendered":"http:\/\/colsimon.co\/?page_id=73"},"modified":"2025-04-22T13:49:12","modified_gmt":"2025-04-22T13:49:12","slug":"grado-septimo","status":"publish","type":"page","link":"http:\/\/frajano.com\/simon\/informatica\/grado-septimo\/","title":{"rendered":"Grado S\u00e9ptimo"},"content":{"rendered":"<p><a href=\"https:\/\/frajano.com\/simon\/informatica\/auto-coevaluacion\/\">AUTO-COEVALUACI\u00d3N<\/a><\/p>\n<p><strong>PERIODO I<\/strong><\/p>\n<p><strong>Indicadores de logros<\/strong><\/p>\n<table>\n<tbody>\n<tr>\n<td>1.Dise\u00f1a presentaciones con diapositivas para ilustrar exposiciones.<br \/>2.Conoce y aplica las netiquetas establecidas en el uso de redes sociales e Internet<br \/>3.Realiza las actividades de oralidad, lectura y escritura propuestas en clase.<br \/>4.Entrega oportunamente las actividades propuestas.<br \/>5.Manifiesta actitudes de respeto y de responsabilidad en las clases.<\/td>\n<\/tr>\n<\/tbody>\n<\/table>\n<p><a href=\"http:\/\/frajano.com\/simon\/informatica\/?page_id=1077\">Ejercicio1<\/a><\/p>\n<p><strong>PERIODO II<\/strong><\/p>\n<ol>\n<li>Realiza documentos utilizando los submen\u00fas de Procesador de texto.<\/li>\n<li>Utiliza adecuadamente las teclas especiales en los escritos.<\/li>\n<li>Crea y dibuja tablas de datos en Procesador de texto.<\/li>\n<li>Manifiesta actitudes de respeto y de responsabilidad en lo acad\u00e9mico y convivencial.<\/li>\n<li>Realiza las actividades de lectura propuestas en clase.<\/li>\n<\/ol>\n<p>Lectura tecnol\u00f3gica <a href=\"https:\/\/es.slideshare.net\/greziaisabel\/primeras-herramientas-creadas-por-la-humanidad\">(Herramientas primitivas)<\/a><\/p>\n<table border=\"3\">\n<tbody>\n<tr>\n<th><a title=\"ejerseptimo1_1\" href=\"http:\/\/frajano.com\/simon\/informatica\/?page_id=80\">Ejercicio 1<\/a><\/th>\n<th><a title=\"ejerseptimo1_2\" href=\"http:\/\/frajano.com\/simon\/informatica\/?page_id=261\">Ejercicio 2<\/a><\/th>\n<th><a title=\"ejer3_3\" href=\"http:\/\/frajano.com\/simon\/informatica\/?page_id=498\">Ejercicio 3<\/a><\/th>\n<\/tr>\n<tr>\n<th><a title=\"sept3_4\" href=\"http:\/\/frajano.com\/simon\/informatica\/?page_id=533\">Ejercicio 4<\/a><\/th>\n<th><a title=\"sept3_5\" href=\"http:\/\/frajano.com\/simon\/informatica\/?page_id=540\">Ejercicio 5<\/a><\/th>\n<th>Ejercicio 6<\/th>\n<\/tr>\n<\/tbody>\n<\/table>\n<p><em><strong>PERIODO III<\/strong><\/em><\/p>\n<p><strong>Indicadores de logros<\/strong><\/p>\n<ol>\n<li>Realiza programas sencillos en MakeCode Microbit<\/li>\n<li>Reconoce las librer\u00edas, bloques y c\u00f3digos para programar en MakeCode Microbit<\/li>\n<li>Programa humificador para el proyecto mariposario con MakeCode Microbit<\/li>\n<li>Consulta, planifica y organiza laboratorio viviente (mariposario)<\/li>\n<li>Entrega oportunamente las actividades propuestas en clase.<\/li>\n<li>Cumple con las normas estipuladas en clase (\u00edtems auto y coevaluaci\u00f3n)<\/li>\n<\/ol>\n<p>MICRO-BIT<\/p>\n<p><a href=\"http:\/\/frajano.com\/simon\/informatica\/wp-content\/uploads\/2013\/02\/makecode1.jpg\"><img loading=\"lazy\" decoding=\"async\" class=\"alignnone size-medium wp-image-1266\" src=\"http:\/\/frajano.com\/simon\/informatica\/wp-content\/uploads\/2013\/02\/makecode1-300x225.jpg\" alt=\"makecode1\" width=\"300\" height=\"225\" srcset=\"http:\/\/frajano.com\/simon\/informatica\/wp-content\/uploads\/2013\/02\/makecode1-300x225.jpg 300w, http:\/\/frajano.com\/simon\/informatica\/wp-content\/uploads\/2013\/02\/makecode1.jpg 582w\" sizes=\"(max-width: 300px) 100vw, 300px\" \/><\/a><\/p>\n<p>Es una tarjeta de circuitos del tama\u00f1o de la palma de una mano con una serie de 25 leds y un chip Bluetooth para conexi\u00f3n inal\u00e1mbrica. Puede ser programada para mostrar letras, n\u00fameros y otros s\u00edmbolos y caracteres.<\/p>\n<p><a href=\"https:\/\/makecode.microbit.org\/\">https:\/\/makecode.microbit.org\/<\/a><\/p>\n<p><span style=\"color: #ff0000;\"><strong>REPASO<\/strong><\/span><\/p>\n<p><a href=\"http:\/\/frajano.com\/compartir\/pdf\/MICRO2.pdf\">Ejercicio 1<\/a><\/p>\n<p><a href=\"https:\/\/formularios.educacionbogota.edu.co\/index.php\/124696\/lang\/es\/newtest\/Y\">Ejercicio 2\u00a0 \u00a0 \u00a0 \u00a0 \u00a0Encuesta<\/a><\/p>\n<p><a href=\"https:\/\/frajano.com\/compartir\/pdf\/MICROBIT4.pdf\">Ejercicio 3<\/a><\/p>\n\n\n<p>Encuesta<\/p>\n\n\n\n<p><a href=\"https:\/\/formularios.educacionbogota.edu.co\/index.php\/869643?lang=es\">Evaluaci\u00f3n institucional<\/a><\/p>\n","protected":false},"excerpt":{"rendered":"<p>AUTO-COEVALUACI\u00d3N PERIODO I Indicadores de logros 1.Dise\u00f1a presentaciones con diapositivas para ilustrar exposiciones.2.Conoce y aplica las netiquetas establecidas en el uso de redes sociales e Internet3.Realiza las actividades de oralidad, lectura y escritura propuestas en clase.4.Entrega oportunamente las actividades propuestas.5.Manifiesta actitudes de respeto y de responsabilidad en las clases. Ejercicio1 PERIODO II Realiza documentos utilizando [&hellip;]<\/p>\n","protected":false},"author":1,"featured_media":0,"parent":0,"menu_order":0,"comment_status":"closed","ping_status":"open","template":"","meta":{"footnotes":""},"_links":{"self":[{"href":"http:\/\/frajano.com\/simon\/informatica\/wp-json\/wp\/v2\/pages\/73"}],"collection":[{"href":"http:\/\/frajano.com\/simon\/informatica\/wp-json\/wp\/v2\/pages"}],"about":[{"href":"http:\/\/frajano.com\/simon\/informatica\/wp-json\/wp\/v2\/types\/page"}],"author":[{"embeddable":true,"href":"http:\/\/frajano.com\/simon\/informatica\/wp-json\/wp\/v2\/users\/1"}],"replies":[{"embeddable":true,"href":"http:\/\/frajano.com\/simon\/informatica\/wp-json\/wp\/v2\/comments?post=73"}],"version-history":[{"count":34,"href":"http:\/\/frajano.com\/simon\/informatica\/wp-json\/wp\/v2\/pages\/73\/revisions"}],"predecessor-version":[{"id":1677,"href":"http:\/\/frajano.com\/simon\/informatica\/wp-json\/wp\/v2\/pages\/73\/revisions\/1677"}],"wp:attachment":[{"href":"http:\/\/frajano.com\/simon\/informatica\/wp-json\/wp\/v2\/media?parent=73"}],"curies":[{"name":"wp","href":"https:\/\/api.w.org\/{rel}","templated":true}]}}