{"id":90,"date":"2013-02-08T14:50:20","date_gmt":"2013-02-08T14:50:20","guid":{"rendered":"http:\/\/colsimon.co\/?page_id=90"},"modified":"2025-02-20T02:16:26","modified_gmt":"2025-02-20T02:16:26","slug":"ejeroctavo1-1","status":"publish","type":"page","link":"http:\/\/frajano.com\/simon\/informatica\/ejeroctavo1-1\/","title":{"rendered":"ejeroctavo1-1"},"content":{"rendered":"<p>\u00abtodo lo puedo en Cristo que me fortalece\u00bb Filipenses 4:13<\/p>\n<p>Queridos estudiantes, hoy realizaremos una p\u00e1gina web muy sencilla, siguiendo las instrucciones dadas.<\/p>\n<ol>\n<li><span style=\"line-height: 24px;\">\u00a0I<\/span>ngresar a Bloc de notas y escribir esto, adem\u00e1s deben pasarlo al cuaderno en el orden en que aparece.<\/li>\n<\/ol>\n<p>&lt;html&gt;<\/p>\n<p>&lt;title&gt;Sat\u00e9lite Natural &lt;\/title&gt;<br \/>\n&lt;body&gt;<br \/>\n&lt;center&gt;&lt;font color=red&gt;&lt;font face=arial&gt;&lt;font size=5&gt;LA LUNA &lt;\/font&gt;&lt;\/center&gt;&lt;p&gt;<\/p>\n<p>&lt;font color=blue&gt;&lt;font size=3&gt;&lt;b&gt;La Luna&lt;\/b&gt; &lt;\/font&gt;es el \u00fanico &lt;u&gt;sat\u00e9lite natural de la tierra&lt;\/u&gt; y el quinto sat\u00e9lite m\u00e1s grande del &lt;i&gt;Sistema Solar&lt;\/i&gt;. Es el sat\u00e9lite natural m\u00e1s grande en el &lt;font color=green&gt;Sistema Solar &lt;\/font&gt;en relaci\u00f3n al tama\u00f1o de su planeta, un cuarto del di\u00e1metro de la &lt;font color=violet&gt;Tierra &lt;\/font&gt;y 1\/81 de su masa, y es el segundo sat\u00e9lite m\u00e1s denso despu\u00e9s de &lt;font color=red&gt;\u00cdo.&lt;\/font&gt;<\/p>\n<p>Se encuentra en relaci\u00f3n s\u00edncrona con la Tierra, siempre mostrando la misma cara a la Tierra.&lt;\/font&gt;&lt;p&gt;<\/p>\n<p>&lt;font color=green&gt;&lt;font size=2&gt;&lt;font face=verdana&gt;A pesar de ser el objeto m\u00e1s brillante en el cielo despu\u00e9s del Sol, su superficie es en realidad muy oscura, con una reflexi\u00f3n similar a la &lt;font size=3&gt;&lt;font color=violet&gt;del carb\u00f3n.&lt;\/font&gt; Su prominencia en el cielo y su ciclo regular de fases han hecho de la Luna una importante influencia cultural desde la antig\u00fcedad tanto en el lenguaje, como en el calendario, el arte o la mitolog\u00eda.&lt;\/font&gt;<\/p>\n<p>&lt;\/body&gt;<\/p>\n<p>&lt;\/html&gt;<\/p>\n<p>2. Guardar en la carpeta del curso con el nombre \u00a0<span style=\"color: blue;\">luna.html (para 801) y con el nombre satelite.html (para 802) y satelitenatural.html (803)<\/span><\/p>\n<p>3. Cerrar bloc de notas y ejecutar el archivo desde la carpeta del curso.<\/p>\n<p>4. Crear la p\u00e1gina de la tarea teniendo en cuenta los tags de HTML vistos la clase anterior.<\/p>\n<p><span style=\"color: blue;\">Mostrar para evaluar y muchas bendiciones<\/span><\/p>\n<p><span style=\"color: red;\">TAREA: \u00a0Dise\u00f1ar en el cuaderno una p\u00e1gina web con todas las instrucciones (tags) acerca de un tema de su inter\u00e9s (una fruta, un animal, un \u00a0personaje que aporte o haya aportado algo importante a la humanidad o al pa\u00eds).<\/span><\/p>\n","protected":false},"excerpt":{"rendered":"<p>\u00abtodo lo puedo en Cristo que me fortalece\u00bb Filipenses 4:13 Queridos estudiantes, hoy realizaremos una p\u00e1gina web muy sencilla, siguiendo las instrucciones dadas. \u00a0Ingresar a Bloc de notas y escribir esto, adem\u00e1s deben pasarlo al cuaderno en el orden en que aparece. &lt;html&gt; &lt;title&gt;Sat\u00e9lite Natural &lt;\/title&gt; &lt;body&gt; &lt;center&gt;&lt;font color=red&gt;&lt;font face=arial&gt;&lt;font size=5&gt;LA LUNA &lt;\/font&gt;&lt;\/center&gt;&lt;p&gt; &lt;font color=blue&gt;&lt;font [&hellip;]<\/p>\n","protected":false},"author":1,"featured_media":0,"parent":0,"menu_order":0,"comment_status":"open","ping_status":"open","template":"","meta":{"footnotes":""},"_links":{"self":[{"href":"http:\/\/frajano.com\/simon\/informatica\/wp-json\/wp\/v2\/pages\/90"}],"collection":[{"href":"http:\/\/frajano.com\/simon\/informatica\/wp-json\/wp\/v2\/pages"}],"about":[{"href":"http:\/\/frajano.com\/simon\/informatica\/wp-json\/wp\/v2\/types\/page"}],"author":[{"embeddable":true,"href":"http:\/\/frajano.com\/simon\/informatica\/wp-json\/wp\/v2\/users\/1"}],"replies":[{"embeddable":true,"href":"http:\/\/frajano.com\/simon\/informatica\/wp-json\/wp\/v2\/comments?post=90"}],"version-history":[{"count":17,"href":"http:\/\/frajano.com\/simon\/informatica\/wp-json\/wp\/v2\/pages\/90\/revisions"}],"predecessor-version":[{"id":1588,"href":"http:\/\/frajano.com\/simon\/informatica\/wp-json\/wp\/v2\/pages\/90\/revisions\/1588"}],"wp:attachment":[{"href":"http:\/\/frajano.com\/simon\/informatica\/wp-json\/wp\/v2\/media?parent=90"}],"curies":[{"name":"wp","href":"https:\/\/api.w.org\/{rel}","templated":true}]}}