{"id":1130,"date":"2022-03-09T10:00:20","date_gmt":"2022-03-09T10:00:20","guid":{"rendered":"http:\/\/frajano.com\/simon\/informatica\/?page_id=1130"},"modified":"2023-06-09T12:14:37","modified_gmt":"2023-06-09T12:14:37","slug":"ejerpseint1_4","status":"publish","type":"page","link":"https:\/\/frajano.com\/simon\/informatica\/ejerpseint1_4\/","title":{"rendered":"EjerPseInt1_4"},"content":{"rendered":"<p><span style=\"color: blue;\">\u00abEsfu\u00e9rzate y se valiente\u00bb Josu\u00e9 1:8<\/span><\/p>\n<p><strong><em>Guiarse con los ejercicios anteriores COMO AYUDA PARA M\u00c1S FACILIDAD EN LA REALIZACI\u00d3N DE LOS EJERCICIOS.<\/em><\/strong><\/p>\n<p>Realizar la programaci\u00f3n en cuaderno y computador, utilizando diagramaci\u00f3n en PseInt<\/p>\n<p>Deben ser claros los datos como variables y operaciones matem\u00e1ticas<\/p>\n<ol>\n<li>Convertir pesos a d\u00f3lares \u00a0 \u00a0\u00a0<span style=\"color: blue;\">,a\/4171.78 (consultar el precio del d\u00f3lar hoy)<\/span><\/li>\n<li>Convertir cent\u00edmetros a metros \u00a0\u00a0<span style=\"color: blue;\">\u00a0\u00a0,a\/100<\/span><\/li>\n<li>Convertir euros a pesos \u00a0 \u00a0\u00a0<span style=\"color: blue;\">,a*4997.10 (consultar el precio del euro hoy)<\/span><\/li>\n<\/ol>\n<p><strong>Mostrar para evaluar<\/strong><\/p>\n<p><strong><em>En la pr\u00f3xima clase, desarrollar los siguientes ejercicios<\/em><\/strong><\/p>\n<ol>\n<li>Pida un n\u00famero y elevarlo al cuadrado \u00a0 \u00a0 \u00a0 \u00a0<span style=\"color: blue;\">,a^2<\/span><\/li>\n<li>Pida el radio y muestre el \u00e1rea del c\u00edrculo \u00a0 \u00a0 \u00a0\u00a0<span style=\"color: blue;\">,3.1416*R^2 (R es la variable)<\/span><\/li>\n<li>Sacar la raiz cuadrada de un n\u00famero \u00a0 \u00a0 \u00a0 \u00a0 \u00a0 \u00a0<span style=\"color: blue;\">,rc(a) \u00a0 \u00a0(a es la variable)<\/span><\/li>\n<li>Elevar un n\u00famero a la 3, m\u00e1s 15 \u00a0 \u00a0\u00a0<span style=\"color: blue;\">\u00a0\u00a0,(a^3)+15<\/span><\/li>\n<\/ol>\n<p><strong>Mostrar para evaluar<\/strong><\/p>\n<div><span style=\"font-size: medium;\"><span style=\"line-height: 24px;\">Muchas bendiciones<\/span><\/span><\/div>\n","protected":false},"excerpt":{"rendered":"<p>\u00abEsfu\u00e9rzate y se valiente\u00bb Josu\u00e9 1:8 Guiarse con los ejercicios anteriores COMO AYUDA PARA M\u00c1S FACILIDAD EN LA REALIZACI\u00d3N DE LOS EJERCICIOS. Realizar la programaci\u00f3n en cuaderno y computador, utilizando diagramaci\u00f3n en PseInt Deben ser claros los datos como variables y operaciones matem\u00e1ticas Convertir pesos a d\u00f3lares \u00a0 \u00a0\u00a0,a\/4171.78 (consultar el precio del d\u00f3lar hoy) [&hellip;]<\/p>\n","protected":false},"author":1,"featured_media":0,"parent":0,"menu_order":0,"comment_status":"closed","ping_status":"closed","template":"","meta":{"footnotes":""},"_links":{"self":[{"href":"https:\/\/frajano.com\/simon\/informatica\/wp-json\/wp\/v2\/pages\/1130"}],"collection":[{"href":"https:\/\/frajano.com\/simon\/informatica\/wp-json\/wp\/v2\/pages"}],"about":[{"href":"https:\/\/frajano.com\/simon\/informatica\/wp-json\/wp\/v2\/types\/page"}],"author":[{"embeddable":true,"href":"https:\/\/frajano.com\/simon\/informatica\/wp-json\/wp\/v2\/users\/1"}],"replies":[{"embeddable":true,"href":"https:\/\/frajano.com\/simon\/informatica\/wp-json\/wp\/v2\/comments?post=1130"}],"version-history":[{"count":3,"href":"https:\/\/frajano.com\/simon\/informatica\/wp-json\/wp\/v2\/pages\/1130\/revisions"}],"predecessor-version":[{"id":1253,"href":"https:\/\/frajano.com\/simon\/informatica\/wp-json\/wp\/v2\/pages\/1130\/revisions\/1253"}],"wp:attachment":[{"href":"https:\/\/frajano.com\/simon\/informatica\/wp-json\/wp\/v2\/media?parent=1130"}],"curies":[{"name":"wp","href":"https:\/\/api.w.org\/{rel}","templated":true}]}}