{"id":154,"date":"2013-02-15T15:59:11","date_gmt":"2013-02-15T15:59:11","guid":{"rendered":"http:\/\/colsimon.co\/?page_id=154"},"modified":"2025-03-06T16:07:21","modified_gmt":"2025-03-06T16:07:21","slug":"ejeroctavo1_2","status":"publish","type":"page","link":"https:\/\/frajano.com\/simon\/informatica\/ejeroctavo1_2\/","title":{"rendered":"ejeroctavo1_2"},"content":{"rendered":"<p><span style=\"color: blue;\">\u00abSi reconoces tus pecados, te arrepientes, te humillas delante de Mi, te conviertes de tus malos caminos, Yo perdonar\u00e9 tus pecados y te bendecir\u00e9. En adelante Mis ojos estar\u00e1n abiertos y Mis o\u00eddos atentos a las peticiones que hagas\u00bb\u00a0\u00a0<\/span>\u00a0\u00a02\u00aa Cr\u00f3nicas 7:14-15 (Antiguo Testamento)<\/p>\n<p>Leer cuidadosamente las instrucciones y luego comenzar la construcci\u00f3n de la p\u00e1gina web.<\/p>\n<p>Ingresar a Bloc de Notas<\/p>\n<ol>\n<li>Crear una carpeta con su nombre dentro de la carpeta del curso<\/li>\n<li>Dise\u00f1ar la p\u00e1gina web (la tarea) con las instrucciones vistas en la clase anterior.<\/li>\n<li>Buscar en Internet una imagen con formato jpg,\u00a0correspondiente al tema, guardarla en su carpeta.<\/li>\n<li>Colocarla en la programaci\u00f3n de su p\u00e1gina web con la siguiente instrucci\u00f3n.<\/li>\n<li>&lt;img src=nombredelaimagen.jpg&gt; \u00a0 \u00a0 \u00a0 \u00a0 Col\u00f3cale el nombre de la imagen que aparece en la carpeta.<\/li>\n<li>Resaltar algunas palabras con otro color, tama\u00f1o y estilo de texto (font)<\/li>\n<li>Centrar el t\u00edtulo del texto (center) y en may\u00fascula, separar los p\u00e1rrafos (p)<\/li>\n<li>Guardar la p\u00e1gina con nombre.html\u00a0 \u00a0 \u00a0 \u00a0 Col\u00f3cale el nombre correspondiente al tema.<\/li>\n<li>Ejecutarla desde la carpeta<\/li>\n<li><span style=\"color: violet;\">Mostrar para evaluar<\/span><\/li>\n<\/ol>\n<p>BENDICIONES<\/p>\n<p><span style=\"color: red;\">TAREA: <\/span><\/p>\n<p><span style=\"color: red;\">(801) Consultar acerca de las razas del animal de su p\u00e1gina web (informaci\u00f3n, im\u00e1genes, m\u00e9todos de crianza, clasif\u00edquelos seg\u00fan su habitat en (a\u00e9reos, terrestres y acu\u00e1ticos), seg\u00fan su reproducci\u00f3n en (viv\u00edparos, ov\u00edparos).\u00a0\u00a0En lo posible traer las im\u00e1genes en la USB.<\/span><\/p>\n<p><span style=\"color: red;\">(802) Consultar acerca de las variedades del vegetal de su p\u00e1gina web (informaci\u00f3n, im\u00e1genes, m\u00e9todos de cultivo, clasif\u00edquelos seg\u00fan su clima de cultivo, seg\u00fan su reproducci\u00f3n en (semillas, acodo, etc ).\u00a0\u00a0En lo posible traer las im\u00e1genes en la USB.<\/span><\/p>\n<p><span style=\"color: red;\">(803) Consultar acerca de las variedades del vegetal de su p\u00e1gina web (informaci\u00f3n, im\u00e1genes, m\u00e9todos de cultivo, clasif\u00edquelos seg\u00fan su clima de cultivo, seg\u00fan su reproducci\u00f3n en (semillas, acodo, etc ).\u00a0\u00a0En lo posible traer las im\u00e1genes en la USB.<\/span><\/p>\n","protected":false},"excerpt":{"rendered":"<p>\u00abSi reconoces tus pecados, te arrepientes, te humillas delante de Mi, te conviertes de tus malos caminos, Yo perdonar\u00e9 tus pecados y te bendecir\u00e9. En adelante Mis ojos estar\u00e1n abiertos y Mis o\u00eddos atentos a las peticiones que hagas\u00bb\u00a0\u00a0\u00a0\u00a02\u00aa Cr\u00f3nicas 7:14-15 (Antiguo Testamento) Leer cuidadosamente las instrucciones y luego comenzar la construcci\u00f3n de la p\u00e1gina [&hellip;]<\/p>\n","protected":false},"author":1,"featured_media":0,"parent":0,"menu_order":0,"comment_status":"open","ping_status":"open","template":"","meta":{"footnotes":""},"_links":{"self":[{"href":"https:\/\/frajano.com\/simon\/informatica\/wp-json\/wp\/v2\/pages\/154"}],"collection":[{"href":"https:\/\/frajano.com\/simon\/informatica\/wp-json\/wp\/v2\/pages"}],"about":[{"href":"https:\/\/frajano.com\/simon\/informatica\/wp-json\/wp\/v2\/types\/page"}],"author":[{"embeddable":true,"href":"https:\/\/frajano.com\/simon\/informatica\/wp-json\/wp\/v2\/users\/1"}],"replies":[{"embeddable":true,"href":"https:\/\/frajano.com\/simon\/informatica\/wp-json\/wp\/v2\/comments?post=154"}],"version-history":[{"count":17,"href":"https:\/\/frajano.com\/simon\/informatica\/wp-json\/wp\/v2\/pages\/154\/revisions"}],"predecessor-version":[{"id":1642,"href":"https:\/\/frajano.com\/simon\/informatica\/wp-json\/wp\/v2\/pages\/154\/revisions\/1642"}],"wp:attachment":[{"href":"https:\/\/frajano.com\/simon\/informatica\/wp-json\/wp\/v2\/media?parent=154"}],"curies":[{"name":"wp","href":"https:\/\/api.w.org\/{rel}","templated":true}]}}