{"id":1672,"date":"2025-04-22T13:42:53","date_gmt":"2025-04-22T13:42:53","guid":{"rendered":"https:\/\/frajano.com\/simon\/informatica\/?page_id=1672"},"modified":"2025-04-22T13:44:05","modified_gmt":"2025-04-22T13:44:05","slug":"auto-coevaluacion","status":"publish","type":"page","link":"https:\/\/frajano.com\/simon\/informatica\/auto-coevaluacion\/","title":{"rendered":"auto-coevaluaci\u00f3n"},"content":{"rendered":"\n<p>Para lograr el mejoramiento continuo para la formaci\u00f3n integral de j\u00f3venes bolivarianos y el cumplimiento con el SIE se debe autoevaluar y coevaluar con el siguiente formato.<\/p>\n\n\n\n<ol>\n<li>En el cuaderno de Inform\u00e1tica, en forma horizontal dise\u00f1e la tabla que se le brinda.<\/li>\n\n\n\n<li>Analice cada aspecto y coloque la nota correspondiente de autoevaluaci\u00f3n teniendo en cuenta el r\u00e9cord de notas de desempe\u00f1o del periodo correspondiente.<\/li>\n\n\n\n<li>Su compa\u00f1ero (a) de equipo realiza su coevaluaci\u00f3n, teniendo en cuenta sus notas de desempe\u00f1o del periodo.<\/li>\n\n\n\n<li>Sumar y sacar el promedio.<\/li>\n\n\n\n<li>Brindar la nota de cada promedio a la docente.<\/li>\n<\/ol>\n\n\n\n<div data-wp-interactive=\"\" class=\"wp-block-file\"><object data-wp-bind--hidden=\"!selectors.core.file.hasPdfPreview\" hidden class=\"wp-block-file__embed\" data=\"https:\/\/frajano.com\/simon\/informatica\/wp-content\/uploads\/2025\/04\/auto-coev_2025.pdf\" type=\"application\/pdf\" style=\"width:100%;height:600px\" aria-label=\"Incrustado de auto-coev_2025.\"><\/object><a id=\"wp-block-file--media-67bcc273-b9c1-4398-8217-52c2d44ce72d\" href=\"https:\/\/frajano.com\/simon\/informatica\/wp-content\/uploads\/2025\/04\/auto-coev_2025.pdf\">auto-coev_2025<\/a><a href=\"https:\/\/frajano.com\/simon\/informatica\/wp-content\/uploads\/2025\/04\/auto-coev_2025.pdf\" class=\"wp-block-file__button wp-element-button\" download aria-describedby=\"wp-block-file--media-67bcc273-b9c1-4398-8217-52c2d44ce72d\">Descarga<\/a><\/div>\n","protected":false},"excerpt":{"rendered":"<p>Para lograr el mejoramiento continuo para la formaci\u00f3n integral de j\u00f3venes bolivarianos y el cumplimiento con el SIE se debe autoevaluar y coevaluar con el siguiente formato.<\/p>\n","protected":false},"author":1,"featured_media":0,"parent":0,"menu_order":0,"comment_status":"closed","ping_status":"closed","template":"","meta":{"footnotes":""},"_links":{"self":[{"href":"https:\/\/frajano.com\/simon\/informatica\/wp-json\/wp\/v2\/pages\/1672"}],"collection":[{"href":"https:\/\/frajano.com\/simon\/informatica\/wp-json\/wp\/v2\/pages"}],"about":[{"href":"https:\/\/frajano.com\/simon\/informatica\/wp-json\/wp\/v2\/types\/page"}],"author":[{"embeddable":true,"href":"https:\/\/frajano.com\/simon\/informatica\/wp-json\/wp\/v2\/users\/1"}],"replies":[{"embeddable":true,"href":"https:\/\/frajano.com\/simon\/informatica\/wp-json\/wp\/v2\/comments?post=1672"}],"version-history":[{"count":3,"href":"https:\/\/frajano.com\/simon\/informatica\/wp-json\/wp\/v2\/pages\/1672\/revisions"}],"predecessor-version":[{"id":1676,"href":"https:\/\/frajano.com\/simon\/informatica\/wp-json\/wp\/v2\/pages\/1672\/revisions\/1676"}],"wp:attachment":[{"href":"https:\/\/frajano.com\/simon\/informatica\/wp-json\/wp\/v2\/media?parent=1672"}],"curies":[{"name":"wp","href":"https:\/\/api.w.org\/{rel}","templated":true}]}}