{"id":1702,"date":"2025-07-31T13:01:13","date_gmt":"2025-07-31T13:01:13","guid":{"rendered":"https:\/\/frajano.com\/simon\/informatica\/?page_id=1702"},"modified":"2025-08-21T12:16:18","modified_gmt":"2025-08-21T12:16:18","slug":"proyectos-decimo","status":"publish","type":"page","link":"https:\/\/frajano.com\/simon\/informatica\/proyectos-decimo\/","title":{"rendered":"Proyectos D\u00e9cimo"},"content":{"rendered":"\n<p><strong><em>1001<\/em><\/strong><\/p>\n\n\n\n<p><strong><a href=\"https:\/\/juanfelipeanacona0.wixsite.com\/lau-y-felipe\">Recetas saludables<\/a><\/strong>    ANACONA JUAN FELIPE <\/p>\n\n\n\n<p><a href=\"https:\/\/danilogarcia1563.wixsite.com\/colsim\/inicio\"><strong>Noticias Colegio Sim\u00f3n Bol\u00edvar<\/strong><\/a>   Gregorio Garc\u00eda y Nicolle Borb\u00f3n<\/p>\n\n\n\n<p><a href=\"https:\/\/luisdonado1218.wixsite.com\/deliciasletales\"><strong>Nutrici\u00f3n saludable<\/strong> <\/a> Luis Mario Donado y Daniel Mora<\/p>\n\n\n\n<p><a href=\"https:\/\/wendypiamba15.wixsite.com\/my-site-9\"><strong>Alimentaci\u00f3n para diab\u00e9ticos<\/strong><\/a> Wendy Piamba y  Maria Jos\u00e9 Torres<\/p>\n\n\n\n<p><a href=\"https:\/\/cruzaliss15.wixsite.com\/el-laberinto-mental\"><strong>Transtornos mentales<\/strong><\/a> Maicol Pomares y Alisson Cruz <\/p>\n\n\n\n<p><a href=\"https:\/\/laurastefaniduarte.wixsite.com\/my-site-1\"><strong>Efectos de la tecnolog\u00eda en j\u00f3venes<\/strong><\/a>  Laura Duarte Mora<\/p>\n\n\n\n<p><a href=\"https:\/\/jmerchansantacruz.wixsite.com\/my-site-2\"><strong>Efectos del c. electr\u00f3nico en j\u00f3venes<\/strong><\/a>  Esteban L\u00f3pez y Juan Merch\u00e1n<\/p>\n\n\n\n<p><a href=\"https:\/\/jonathancamilonino.wixsite.com\/my-site-6\"><strong>Cursos de idiomas gratuitos<\/strong><\/a> Camilo Ni\u00f1o<\/p>\n\n\n\n<p><a href=\"https:\/\/puertoclarossergio.wixsite.com\/my-site-1\"><strong>Educaci\u00f3n financiera<\/strong><\/a>  Sergio Puerto<\/p>\n\n\n\n<p><a href=\"https:\/\/xnathiro.wixsite.com\/my-site-2\"><strong>Dise\u00f1o y proyecto<\/strong><\/a>  Karen ortiz y Nicol\u00e1s Mart\u00ednez<\/p>\n\n\n\n<p><a href=\"https:\/\/garci4k3vin27.wixsite.com\/cantera-fc\"><strong>Importancia del movimiento en j\u00f3venes<\/strong><\/a>  Kevin Garc\u00eda<\/p>\n\n\n\n<p><a href=\"https:\/\/12wmariana.wixsite.com\/my-site-1\"><strong>Sin rastros t\u00f3xicos<\/strong><\/a>  Mariana Sanabria<\/p>\n\n\n\n<p><a href=\"https:\/\/luzferrer2022.wixsite.com\/tutu\"><strong>Huerta urbana<\/strong><\/a>  Dimarys Su\u00e1rez y Luz Ferrer  <\/p>\n\n\n\n<p><a href=\"https:\/\/nzn2132313.wixsite.com\/my-site-1\"><strong>Ideaci\u00f3n suicida<\/strong><\/a> Nicol\u00e1s Valle y Dennis Arias <\/p>\n\n\n\n<p><a href=\"https:\/\/emanuel727e.wixsite.com\/bienertar-emociona-1\"><strong>Vive tranquilo<\/strong><\/a>  Emanuel Jim\u00e9nez <\/p>\n\n\n\n<p><a href=\"https:\/\/isaipalencia43.wixsite.com\/my-site-2\"><strong>Calentamiento global<\/strong><\/a> Juan Felipe Duarte y Ismael Palencia <\/p>\n\n\n\n<p><a href=\"https:\/\/acostacamilo471.wixsite.com\/habitos-saludables-e\">H\u00e1bitos saludables en j\u00f3venes<\/a> Camilo Acosta y Dilan Rinc\u00f3n<\/p>\n\n\n\n<p><strong>1002<\/strong><\/p>\n\n\n\n<p><a href=\"http:\/\/https\/\/karencalderon19953.wixsite.com\/my-site-5\"><strong>Salud y bienesta<\/strong>r<\/a> Karen D. Espinosa<\/p>\n\n\n\n<p><a href=\"https:\/\/ferpachonmartinez2.wixsite.com\/my-site-1\"><strong>Expresi\u00f3n a trav\u00e9s de las letras<\/strong><\/a> Maria Fernanda Pach\u00f3n<\/p>\n\n\n\n<p><a href=\"https:\/\/crismarcarreno4.wixsite.com\/my-site-1\"><strong>El aborto<\/strong><\/a>  Crismar Rodr\u00edguez C.<\/p>\n\n\n\n<p><a href=\"https:\/\/mfmalagontovar.wixsite.com\/my-site-1\"><strong>Adicci\u00f3n a redes sociales<\/strong><\/a>  Juan Felipe Malag\u00f3n T.<\/p>\n\n\n\n<p><a href=\"https:\/\/aaportiz04.wixsite.com\/my-site-5\"><strong>Rangos de la polic\u00eda nacional Colombiana<\/strong><\/a> Adrian Alejandro P\u00e9rez O.<\/p>\n\n\n\n<p><a href=\"https:\/\/aanoguera2009.wixsite.com\/my-site-5\"><strong>Clasificaci\u00f3n de transporte terrestre<\/strong><\/a> Aron Alberto Noguera V.<\/p>\n\n\n\n<p><a href=\"https:\/\/sarasthefaanasofia.wixsite.com\/el-extenso-mundo-de\"><strong>Las estrellas<\/strong><\/a> Sara Sthefany Rivera O. y Ana Sof\u00eda P\u00e9rez C.<\/p>\n\n\n\n<p><a href=\"https:\/\/andresfelipepatino8.wixsite.com\/misteriosbogota\"><strong>Misterios de Bogot\u00e1<\/strong><\/a> Andr\u00e9s F. Pati\u00f1o M. y Diego A. Rodr\u00edguez M.<\/p>\n\n\n\n<p><a href=\"https:\/\/cardenasjhoandavid.wixsite.com\/my-site-2\"><strong>Adicci\u00f3n a la marihuana<\/strong><\/a> Marlin L. Castillo P. y Jhoan David C\u00e1rdenas C.<\/p>\n\n\n\n<p><a href=\"https:\/\/dylanalvaradobeltr.wixstudio.com\/my-site\"><strong>Cuidar la Salud mental<\/strong><\/a> Alvarado B. Dylan A.<\/p>\n\n\n\n<p><a href=\"https:\/\/simongutierrez1516.wixsite.com\/my-site-5\">Evitar adicciones sexuales<\/a> Sim\u00f3n Rinc\u00f3n y Juan S. Guti\u00e9rrez<\/p>\n\n\n\n<p><a href=\"https:\/\/sandovalvalenciama.wixsite.com\/platos-tipicos-col\">Platos t\u00edpicos colombianos<\/a> Mart\u00edn Sandoval<\/p>\n\n\n\n<p><a href=\"http:\/\/rociomape875.wixsite.com\/despu\">Educaci\u00f3n superior<\/a> Lizeth Ruiz y Roc\u00edo Carre\u00f1o <\/p>\n\n\n\n<p><a href=\"https:\/\/lisethbermudez78.wixsite.com\/soporta\">Fotograf\u00eda y dise\u00f1o<\/a> Liseth Bermudez y Sara Arenas<\/p>\n\n\n\n<p><a href=\"https:\/\/chakalitosforeveru.wixsite.com\/misitio\">Fotograf\u00eda<\/a> Juan F. Cangrejo y Samuel Puentes<\/p>\n\n\n\n<p><a href=\"https:\/\/gerhaldgarcia2019.wixsite.com\/rhythmhead\">Psicolog\u00eda del arte y la m\u00fasica<\/a> Gerhald A. Garc\u00eda<\/p>\n\n\n\n<p><a href=\"https:\/\/saraanicole08.wixsite.com\/the-winners\">Voleibol<\/a> Sara Mondrag\u00f3n y Kelly Estrada<\/p>\n\n\n\n<p><a href=\"https:\/\/gomezjjz2777.wixsite.com\/misitio\">Beneficios zonas verdes<\/a> Juan G\u00f3mez <\/p>\n\n\n\n<p><a href=\"https:\/\/tatissuesca12332.wixsite.com\/my-site-3\">Prevenci\u00f3n de problemas <\/a> Tatiana Castiblanco y Sara R\u00fageles<\/p>\n\n\n\n<p><a href=\"https:\/\/snavarropalme.wixsite.com\/football\">La historia del f\u00fatbol colombiano <\/a> Juan Arias y Sebasti\u00e1n Navarro <\/p>\n\n\n\n<p> <\/p>\n","protected":false},"excerpt":{"rendered":"<p>1001 Recetas saludables ANACONA JUAN FELIPE Noticias Colegio Sim\u00f3n Bol\u00edvar Gregorio Garc\u00eda y Nicolle Borb\u00f3n Nutrici\u00f3n saludable Luis Mario Donado y Daniel Mora Alimentaci\u00f3n para diab\u00e9ticos Wendy Piamba y Maria Jos\u00e9 Torres Transtornos mentales Maicol Pomares y Alisson Cruz Efectos de la tecnolog\u00eda en j\u00f3venes Laura Duarte Mora Efectos del c. electr\u00f3nico en j\u00f3venes Esteban [&hellip;]<\/p>\n","protected":false},"author":1,"featured_media":0,"parent":0,"menu_order":0,"comment_status":"closed","ping_status":"closed","template":"","meta":{"footnotes":""},"_links":{"self":[{"href":"https:\/\/frajano.com\/simon\/informatica\/wp-json\/wp\/v2\/pages\/1702"}],"collection":[{"href":"https:\/\/frajano.com\/simon\/informatica\/wp-json\/wp\/v2\/pages"}],"about":[{"href":"https:\/\/frajano.com\/simon\/informatica\/wp-json\/wp\/v2\/types\/page"}],"author":[{"embeddable":true,"href":"https:\/\/frajano.com\/simon\/informatica\/wp-json\/wp\/v2\/users\/1"}],"replies":[{"embeddable":true,"href":"https:\/\/frajano.com\/simon\/informatica\/wp-json\/wp\/v2\/comments?post=1702"}],"version-history":[{"count":15,"href":"https:\/\/frajano.com\/simon\/informatica\/wp-json\/wp\/v2\/pages\/1702\/revisions"}],"predecessor-version":[{"id":1723,"href":"https:\/\/frajano.com\/simon\/informatica\/wp-json\/wp\/v2\/pages\/1702\/revisions\/1723"}],"wp:attachment":[{"href":"https:\/\/frajano.com\/simon\/informatica\/wp-json\/wp\/v2\/media?parent=1702"}],"curies":[{"name":"wp","href":"https:\/\/api.w.org\/{rel}","templated":true}]}}