{"id":288,"date":"2013-03-08T15:22:14","date_gmt":"2013-03-08T15:22:14","guid":{"rendered":"http:\/\/colsimon.co\/?page_id=288"},"modified":"2023-05-09T12:17:56","modified_gmt":"2023-05-09T12:17:56","slug":"ejerdecimo1_1","status":"publish","type":"page","link":"https:\/\/frajano.com\/simon\/informatica\/ejerdecimo1_1\/","title":{"rendered":"Ejerdecimo1_1"},"content":{"rendered":"<p><em>\u00abTodo lo puedo en Cristo que me da las fuerzas\u00bb Filipenses 4:13<\/em><\/p>\n<p><em><strong><span style=\"color: blue;\">REVISAR EXPLICACI\u00d3N Y HACER LOS EJERCICIOS PROPUESTOS<\/span><\/strong><\/em><\/p>\n<p><strong>DFD (Diagramas de flujo de datos)<\/strong><\/p>\n<p>Son una manera de representar visualmente el flujo de datos a trav\u00e9s de sistemas de tratamiento de informaci\u00f3n. Los diagramas de flujo describen qu\u00e9 operaciones y en qu\u00e9 secuencia se requieren para solucionar un problema dado.<\/p>\n<p><span style=\"color: blue;\">(Puede dar doble clic sobre cada diagrama, para verlo en tama\u00f1o real)<\/span><\/p>\n<p>S\u00cdMBOLOS PARA DIAGRAMAR<\/p>\n<p><a href=\"http:\/\/frajano.com\/simon\/informatica\/wp-content\/uploads\/2013\/03\/DFD-SIMBOLOS.jpg\"><img loading=\"lazy\" decoding=\"async\" class=\"alignnone size-medium wp-image-296\" src=\"http:\/\/frajano.com\/simon\/informatica\/wp-content\/uploads\/2013\/03\/DFD-SIMBOLOS-300x121.jpg\" alt=\"DFD SIMBOLOS\" width=\"300\" height=\"121\" srcset=\"https:\/\/frajano.com\/simon\/informatica\/wp-content\/uploads\/2013\/03\/DFD-SIMBOLOS-300x121.jpg 300w, https:\/\/frajano.com\/simon\/informatica\/wp-content\/uploads\/2013\/03\/DFD-SIMBOLOS.jpg 459w\" sizes=\"(max-width: 300px) 100vw, 300px\" \/><\/a><\/p>\n<p>Ejemplo: Realizar un programa que pida un n\u00famero y muestre su doble<\/p>\n<ul>\n<li>Abrir DFD<\/li>\n<li>Ingresa los siguientes datos<a href=\"http:\/\/frajano.com\/simon\/informatica\/wp-content\/uploads\/2013\/03\/diag.jpg\"><img loading=\"lazy\" decoding=\"async\" class=\"alignnone size-medium wp-image-299\" src=\"http:\/\/frajano.com\/simon\/informatica\/wp-content\/uploads\/2013\/03\/diag-288x300.jpg\" alt=\"diag\" width=\"288\" height=\"300\" srcset=\"https:\/\/frajano.com\/simon\/informatica\/wp-content\/uploads\/2013\/03\/diag-288x300.jpg 288w, https:\/\/frajano.com\/simon\/informatica\/wp-content\/uploads\/2013\/03\/diag-300x312.jpg 300w, https:\/\/frajano.com\/simon\/informatica\/wp-content\/uploads\/2013\/03\/diag.jpg 327w\" sizes=\"(max-width: 288px) 100vw, 288px\" \/><\/a><\/li>\n<li>Luego <strong>ejecutar\u00a0<\/strong><\/li>\n<li>Seguir los pasos que se piden<\/li>\n<\/ul>\n<p><strong>EJERCICIOS<\/strong><\/p>\n<p><strong>En el cuaderno y en el computador<\/strong><\/p>\n<ol>\n<li>Hallar un n\u00famero aumentado en 10\u00a0\u00a0\u00a0\u00a0\u00a0\u00a0\u00a0\u00a0\u00a0\u00a0\u00a0\u00a0\u00a0\u00a0\u00a0\u00a0\u00a0\u00a0\u00a0 <strong>,a+10\u00a0\u00a0\u00a0\u00a0\u00a0\u00a0\u00a0\u00a0\u00a0\u00a0\u00a0<\/strong> a es la variable<\/li>\n<li>Hallar el triple de un n\u00famero.\u00a0\u00a0\u00a0\u00a0\u00a0\u00a0\u00a0\u00a0\u00a0\u00a0\u00a0\u00a0\u00a0\u00a0\u00a0\u00a0\u00a0\u00a0\u00a0\u00a0\u00a0\u00a0\u00a0\u00a0\u00a0\u00a0\u00a0\u00a0\u00a0\u00a0\u00a0<strong>,a*3\u00a0 <\/strong><\/li>\n<li>Hallar la mitad de un n\u00famero\u00a0\u00a0\u00a0\u00a0\u00a0\u00a0\u00a0\u00a0\u00a0\u00a0\u00a0\u00a0\u00a0\u00a0\u00a0\u00a0\u00a0\u00a0\u00a0\u00a0\u00a0\u00a0\u00a0\u00a0\u00a0\u00a0\u00a0\u00a0\u00a0\u00a0\u00a0<strong>,a\/2<\/strong><\/li>\n<li>Hallar el cu\u00e1druple de un n\u00famero, menos 5\u00a0\u00a0\u00a0\u00a0\u00a0\u00a0\u00a0<strong>,(a*4)-5<\/strong><\/li>\n<li>Convertir d\u00f3lares a pesos\u00a0\u00a0\u00a0\u00a0\u00a0\u00a0\u00a0\u00a0\u00a0\u00a0\u00a0\u00a0\u00a0\u00a0\u00a0\u00a0\u00a0\u00a0\u00a0\u00a0\u00a0\u00a0\u00a0\u00a0\u00a0\u00a0\u00a0\u00a0\u00a0\u00a0\u00a0\u00a0\u00a0\u00a0\u00a0\u00a0\u00a0 \u00a0<strong>,a*b<\/strong>\u00a0 (<strong>a<\/strong>\u00a0es cantidad de\u00a0d\u00f3lares, y <strong>b<\/strong> es el precio del d\u00f3lar)<\/li>\n<\/ol>\n<p>7. Guardar en su carpeta y mostrar para evaluar<\/p>\n<p>BENDICIONES<\/p>\n<p>&nbsp;<\/p>\n<p>&nbsp;<\/p>\n<p>&nbsp;<\/p>\n<p>&nbsp;<\/p>\n<p>&nbsp;<\/p>\n<p>&nbsp;<\/p>\n","protected":false},"excerpt":{"rendered":"<p>\u00abTodo lo puedo en Cristo que me da las fuerzas\u00bb Filipenses 4:13 REVISAR EXPLICACI\u00d3N Y HACER LOS EJERCICIOS PROPUESTOS DFD (Diagramas de flujo de datos) Son una manera de representar visualmente el flujo de datos a trav\u00e9s de sistemas de tratamiento de informaci\u00f3n. Los diagramas de flujo describen qu\u00e9 operaciones y en qu\u00e9 secuencia se [&hellip;]<\/p>\n","protected":false},"author":1,"featured_media":0,"parent":0,"menu_order":0,"comment_status":"open","ping_status":"open","template":"","meta":{"footnotes":""},"_links":{"self":[{"href":"https:\/\/frajano.com\/simon\/informatica\/wp-json\/wp\/v2\/pages\/288"}],"collection":[{"href":"https:\/\/frajano.com\/simon\/informatica\/wp-json\/wp\/v2\/pages"}],"about":[{"href":"https:\/\/frajano.com\/simon\/informatica\/wp-json\/wp\/v2\/types\/page"}],"author":[{"embeddable":true,"href":"https:\/\/frajano.com\/simon\/informatica\/wp-json\/wp\/v2\/users\/1"}],"replies":[{"embeddable":true,"href":"https:\/\/frajano.com\/simon\/informatica\/wp-json\/wp\/v2\/comments?post=288"}],"version-history":[{"count":20,"href":"https:\/\/frajano.com\/simon\/informatica\/wp-json\/wp\/v2\/pages\/288\/revisions"}],"predecessor-version":[{"id":1249,"href":"https:\/\/frajano.com\/simon\/informatica\/wp-json\/wp\/v2\/pages\/288\/revisions\/1249"}],"wp:attachment":[{"href":"https:\/\/frajano.com\/simon\/informatica\/wp-json\/wp\/v2\/media?parent=288"}],"curies":[{"name":"wp","href":"https:\/\/api.w.org\/{rel}","templated":true}]}}